{"id":54566,"date":"2022-02-11T17:57:13","date_gmt":"2022-02-11T16:57:13","guid":{"rendered":"https:\/\/www.plongee-plaisir.com\/fr\/?post_type=product&#038;p=54566"},"modified":"2022-02-14T17:29:17","modified_gmt":"2022-02-14T16:29:17","slug":"vision-et-flottabilite","status":"publish","type":"product","link":"https:\/\/www.plongee-plaisir.com\/fr\/produit\/vision-et-flottabilite\/","title":{"rendered":"N4-10 Vision et flottabilit\u00e9"},"content":{"rendered":"<p>VISION ET FLOTTABILIT\u00c9<\/p>\n<p>Pr\u00e9alable : Connaissances niveau 3<\/p>\n<p>Format : vid\u00e9o, streaming<\/p>\n<p>Dur\u00e9e\u00a0: 1 h 30<\/p>\n<p>Intervenant : Alain Foret (BEES2\/DESJEPS, auteur des livres et supports p\u00e9dagogiques\u00a0<em>Plong\u00e9e Plaisir<\/em>)<\/p>\n<p>Apr\u00e8s commande, vous recevez dans les 5 minutes (pensez \u00e0 consulter vos courriers ind\u00e9sirables ou \u00ab\u00a0spams\u00a0\u00bb) :<\/p>\n<ul>\n<li>Un e-mail de confirmation de votre commande avec le code d&rsquo;acc\u00e8s \u00e0 la vid\u00e9o.\u00a0<strong>Ce code est personnel<\/strong>.<\/li>\n<li>Une facture au format pdf (pour les produits gratuits : facture \u00e0 z\u00e9ro).<\/li>\n<\/ul>\n<h2><strong>LIENS AVEC LE LIVRE PLONG\u00c9E PLAISIR 4<\/strong><\/h2>\n<p>Plong\u00e9e Plaisir 4 :<\/p>\n<ul>\n<li>Fiche 10 : Flottabilit\u00e9 et \u00e9quilibre ;<\/li>\n<li>Fiche 12 : Vision subaquatique.<\/li>\n<\/ul>\n<h2><strong>PR\u00c9SENTATION<\/strong><\/h2>\n<p>Flottabilit\u00e9 et \u00e9quilibre sont deux \u00e9l\u00e9ments essentiels du plaisir en plong\u00e9e, de la s\u00e9curit\u00e9 du plongeur en \u00e9vitant tout surlestage et de la protection de la nature en assurant une approche respectueuse de la faune et de la flore. Quant aux modifications de la vision (r\u00e9tr\u00e9cissement du champ de vision, att\u00e9nuation des couleurs, modifications de la perception des distances et des objets), mieux les comprendre permet d&rsquo;adapter ses explorations, en tant que plongeur tout comme en tant que guide de palanqu\u00e9e.<\/p>\n<h2><strong>JUSTIFICATION DU COURS<\/strong><\/h2>\n<ul>\n<li>Pr\u00e9vention des risques de surlestage.<\/li>\n<li>Capacit\u00e9 \u00e0 r\u00e9pondre aux questions des plongeurs encadr\u00e9s.<\/li>\n<\/ul>\n<h2><strong>OBJECTIFS P\u00c9DAGOGIQUES<\/strong><\/h2>\n<ul>\n<li>Comprendre les enjeux d\u2019une bonne flottabilit\u00e9.<\/li>\n<li>\u00catre capable de faire des calculs simples (pour aider \u00e0 la compr\u00e9hension).<\/li>\n<\/ul>\n<h2><strong>PROGRAMME<\/strong><\/h2>\n<ul>\n<li>La vision subaquatique ;<\/li>\n<li>Les 7 facteurs de la flottabilit\u00e9 ;<\/li>\n<li>Les risques du surlestage ;<\/li>\n<li>Calculs simples.<\/li>\n<\/ul>\n","protected":false},"excerpt":{"rendered":"<p>Flottabilit\u00e9 et \u00e9quilibre sont deux \u00e9l\u00e9ments essentiels du plaisir en plong\u00e9e, de la s\u00e9curit\u00e9 du plongeur en \u00e9vitant tout surlestage et de la protection de la nature en assurant une approche respectueuse de la faune et de la flore. Quant aux modifications de la vision (r\u00e9tr\u00e9cissement du champ de vision, att\u00e9nuation des couleurs, modifications de la perception des distances et des objets), mieux les comprendre permet d&rsquo;adapter ses explorations, en tant que plongeur tout comme en tant que guide de palanqu\u00e9e.<\/p>\n","protected":false},"author":4,"featured_media":54567,"template":"","meta":{"_crdt_document":"","_uag_custom_page_level_css":"","advgb_blocks_editor_width":"","advgb_blocks_columns_visual_guide":"","_genesis_hide_title":false,"_genesis_hide_breadcrumbs":false,"_genesis_hide_singular_image":false,"_genesis_hide_footer_widgets":false,"_genesis_custom_body_class":"","_genesis_custom_post_class":"","_genesis_layout":"","_vp_format_video_url":"","_vp_image_focal_point":[]},"product_brand":[],"product_cat":[293,366],"product_tag":[],"class_list":{"0":"post-54566","1":"product","2":"type-product","3":"status-publish","4":"has-post-thumbnail","6":"product_cat-amphitheatre","7":"product_cat-amphitheatre-niveau-4","8":"entry","10":"first","11":"instock","12":"virtual","13":"sold-individually","14":"taxable","15":"purchasable","16":"product-type-simple"},"yoast_head":"<!-- This site is optimized with the Yoast SEO plugin v27.5 - https:\/\/yoast.com\/product\/yoast-seo-wordpress\/ -->\n<title>N4-10 Vision et flottabilit\u00e9 - Plong\u00e9e Plaisir, site officiel<\/title>\n<meta name=\"robots\" content=\"index, follow, max-snippet:-1, max-image-preview:large, max-video-preview:-1\" \/>\n<link rel=\"canonical\" href=\"https:\/\/www.plongee-plaisir.com\/fr\/produit\/vision-et-flottabilite\/\" \/>\n<meta property=\"og:locale\" content=\"fr_FR\" \/>\n<meta property=\"og:type\" content=\"article\" \/>\n<meta property=\"og:title\" content=\"N4-10 Vision et flottabilit\u00e9 - Plong\u00e9e Plaisir, site officiel\" \/>\n<meta property=\"og:description\" content=\"Flottabilit\u00e9 et \u00e9quilibre sont deux \u00e9l\u00e9ments essentiels du plaisir en plong\u00e9e, de la s\u00e9curit\u00e9 du plongeur en \u00e9vitant tout surlestage et de la protection de la nature en assurant une approche respectueuse de la faune et de la flore. Quant aux modifications de la vision (r\u00e9tr\u00e9cissement du champ de vision, att\u00e9nuation des couleurs, modifications de la perception des distances et des objets), mieux les comprendre permet d&#039;adapter ses explorations, en tant que plongeur tout comme en tant que guide de palanqu\u00e9e.\" \/>\n<meta property=\"og:url\" content=\"https:\/\/www.plongee-plaisir.com\/fr\/produit\/vision-et-flottabilite\/\" \/>\n<meta property=\"og:site_name\" content=\"Plong\u00e9e Plaisir, site officiel\" \/>\n<meta property=\"article:modified_time\" content=\"2022-02-14T16:29:17+00:00\" \/>\n<meta property=\"og:image\" content=\"https:\/\/www.plongee-plaisir.com\/fr\/wp-content\/uploads\/2022\/02\/N4-10-600.jpg\" \/>\n\t<meta property=\"og:image:width\" content=\"600\" \/>\n\t<meta property=\"og:image:height\" content=\"898\" \/>\n\t<meta property=\"og:image:type\" content=\"image\/jpeg\" \/>\n<meta name=\"twitter:card\" content=\"summary_large_image\" \/>\n<meta name=\"twitter:label1\" content=\"Dur\u00e9e de lecture estim\u00e9e\" \/>\n\t<meta name=\"twitter:data1\" content=\"2 minutes\" \/>\n<script type=\"application\/ld+json\" class=\"yoast-schema-graph\">{\"@context\":\"https:\\\/\\\/schema.org\",\"@graph\":[{\"@type\":\"WebPage\",\"@id\":\"https:\\\/\\\/www.plongee-plaisir.com\\\/fr\\\/produit\\\/vision-et-flottabilite\\\/\",\"url\":\"https:\\\/\\\/www.plongee-plaisir.com\\\/fr\\\/produit\\\/vision-et-flottabilite\\\/\",\"name\":\"N4-10 Vision et flottabilit\u00e9 - Plong\u00e9e Plaisir, site officiel\",\"isPartOf\":{\"@id\":\"https:\\\/\\\/www.plongee-plaisir.com\\\/fr\\\/#website\"},\"primaryImageOfPage\":{\"@id\":\"https:\\\/\\\/www.plongee-plaisir.com\\\/fr\\\/produit\\\/vision-et-flottabilite\\\/#primaryimage\"},\"image\":{\"@id\":\"https:\\\/\\\/www.plongee-plaisir.com\\\/fr\\\/produit\\\/vision-et-flottabilite\\\/#primaryimage\"},\"thumbnailUrl\":\"https:\\\/\\\/www.plongee-plaisir.com\\\/fr\\\/wp-content\\\/uploads\\\/2022\\\/02\\\/N4-10-600.jpg\",\"datePublished\":\"2022-02-11T16:57:13+00:00\",\"dateModified\":\"2022-02-14T16:29:17+00:00\",\"breadcrumb\":{\"@id\":\"https:\\\/\\\/www.plongee-plaisir.com\\\/fr\\\/produit\\\/vision-et-flottabilite\\\/#breadcrumb\"},\"inLanguage\":\"fr-FR\",\"potentialAction\":[{\"@type\":\"ReadAction\",\"target\":[\"https:\\\/\\\/www.plongee-plaisir.com\\\/fr\\\/produit\\\/vision-et-flottabilite\\\/\"]}]},{\"@type\":\"ImageObject\",\"inLanguage\":\"fr-FR\",\"@id\":\"https:\\\/\\\/www.plongee-plaisir.com\\\/fr\\\/produit\\\/vision-et-flottabilite\\\/#primaryimage\",\"url\":\"https:\\\/\\\/www.plongee-plaisir.com\\\/fr\\\/wp-content\\\/uploads\\\/2022\\\/02\\\/N4-10-600.jpg\",\"contentUrl\":\"https:\\\/\\\/www.plongee-plaisir.com\\\/fr\\\/wp-content\\\/uploads\\\/2022\\\/02\\\/N4-10-600.jpg\",\"width\":600,\"height\":898},{\"@type\":\"BreadcrumbList\",\"@id\":\"https:\\\/\\\/www.plongee-plaisir.com\\\/fr\\\/produit\\\/vision-et-flottabilite\\\/#breadcrumb\",\"itemListElement\":[{\"@type\":\"ListItem\",\"position\":1,\"name\":\"Accueil\",\"item\":\"https:\\\/\\\/www.plongee-plaisir.com\\\/fr\\\/\"},{\"@type\":\"ListItem\",\"position\":2,\"name\":\"N4-10 Vision et flottabilit\u00e9\"}]},{\"@type\":\"WebSite\",\"@id\":\"https:\\\/\\\/www.plongee-plaisir.com\\\/fr\\\/#website\",\"url\":\"https:\\\/\\\/www.plongee-plaisir.com\\\/fr\\\/\",\"name\":\"Plong\u00e9e Plaisir, site officiel\",\"description\":\"Apprendre \u00e0 plonger - Learning to dive\",\"potentialAction\":[{\"@type\":\"SearchAction\",\"target\":{\"@type\":\"EntryPoint\",\"urlTemplate\":\"https:\\\/\\\/www.plongee-plaisir.com\\\/fr\\\/?s={search_term_string}\"},\"query-input\":{\"@type\":\"PropertyValueSpecification\",\"valueRequired\":true,\"valueName\":\"search_term_string\"}}],\"inLanguage\":\"fr-FR\"}]}<\/script>\n<!-- \/ Yoast SEO plugin. -->","yoast_head_json":{"title":"N4-10 Vision et flottabilit\u00e9 - Plong\u00e9e Plaisir, site officiel","robots":{"index":"index","follow":"follow","max-snippet":"max-snippet:-1","max-image-preview":"max-image-preview:large","max-video-preview":"max-video-preview:-1"},"canonical":"https:\/\/www.plongee-plaisir.com\/fr\/produit\/vision-et-flottabilite\/","og_locale":"fr_FR","og_type":"article","og_title":"N4-10 Vision et flottabilit\u00e9 - Plong\u00e9e Plaisir, site officiel","og_description":"Flottabilit\u00e9 et \u00e9quilibre sont deux \u00e9l\u00e9ments essentiels du plaisir en plong\u00e9e, de la s\u00e9curit\u00e9 du plongeur en \u00e9vitant tout surlestage et de la protection de la nature en assurant une approche respectueuse de la faune et de la flore. Quant aux modifications de la vision (r\u00e9tr\u00e9cissement du champ de vision, att\u00e9nuation des couleurs, modifications de la perception des distances et des objets), mieux les comprendre permet d'adapter ses explorations, en tant que plongeur tout comme en tant que guide de palanqu\u00e9e.","og_url":"https:\/\/www.plongee-plaisir.com\/fr\/produit\/vision-et-flottabilite\/","og_site_name":"Plong\u00e9e Plaisir, site officiel","article_modified_time":"2022-02-14T16:29:17+00:00","og_image":[{"width":600,"height":898,"url":"https:\/\/www.plongee-plaisir.com\/fr\/wp-content\/uploads\/2022\/02\/N4-10-600.jpg","type":"image\/jpeg"}],"twitter_card":"summary_large_image","twitter_misc":{"Dur\u00e9e de lecture estim\u00e9e":"2 minutes"},"schema":{"@context":"https:\/\/schema.org","@graph":[{"@type":"WebPage","@id":"https:\/\/www.plongee-plaisir.com\/fr\/produit\/vision-et-flottabilite\/","url":"https:\/\/www.plongee-plaisir.com\/fr\/produit\/vision-et-flottabilite\/","name":"N4-10 Vision et flottabilit\u00e9 - Plong\u00e9e Plaisir, site officiel","isPartOf":{"@id":"https:\/\/www.plongee-plaisir.com\/fr\/#website"},"primaryImageOfPage":{"@id":"https:\/\/www.plongee-plaisir.com\/fr\/produit\/vision-et-flottabilite\/#primaryimage"},"image":{"@id":"https:\/\/www.plongee-plaisir.com\/fr\/produit\/vision-et-flottabilite\/#primaryimage"},"thumbnailUrl":"https:\/\/www.plongee-plaisir.com\/fr\/wp-content\/uploads\/2022\/02\/N4-10-600.jpg","datePublished":"2022-02-11T16:57:13+00:00","dateModified":"2022-02-14T16:29:17+00:00","breadcrumb":{"@id":"https:\/\/www.plongee-plaisir.com\/fr\/produit\/vision-et-flottabilite\/#breadcrumb"},"inLanguage":"fr-FR","potentialAction":[{"@type":"ReadAction","target":["https:\/\/www.plongee-plaisir.com\/fr\/produit\/vision-et-flottabilite\/"]}]},{"@type":"ImageObject","inLanguage":"fr-FR","@id":"https:\/\/www.plongee-plaisir.com\/fr\/produit\/vision-et-flottabilite\/#primaryimage","url":"https:\/\/www.plongee-plaisir.com\/fr\/wp-content\/uploads\/2022\/02\/N4-10-600.jpg","contentUrl":"https:\/\/www.plongee-plaisir.com\/fr\/wp-content\/uploads\/2022\/02\/N4-10-600.jpg","width":600,"height":898},{"@type":"BreadcrumbList","@id":"https:\/\/www.plongee-plaisir.com\/fr\/produit\/vision-et-flottabilite\/#breadcrumb","itemListElement":[{"@type":"ListItem","position":1,"name":"Accueil","item":"https:\/\/www.plongee-plaisir.com\/fr\/"},{"@type":"ListItem","position":2,"name":"N4-10 Vision et flottabilit\u00e9"}]},{"@type":"WebSite","@id":"https:\/\/www.plongee-plaisir.com\/fr\/#website","url":"https:\/\/www.plongee-plaisir.com\/fr\/","name":"Plong\u00e9e Plaisir, site officiel","description":"Apprendre \u00e0 plonger - Learning to dive","potentialAction":[{"@type":"SearchAction","target":{"@type":"EntryPoint","urlTemplate":"https:\/\/www.plongee-plaisir.com\/fr\/?s={search_term_string}"},"query-input":{"@type":"PropertyValueSpecification","valueRequired":true,"valueName":"search_term_string"}}],"inLanguage":"fr-FR"}]}},"uagb_featured_image_src":{"full":["https:\/\/www.plongee-plaisir.com\/fr\/wp-content\/uploads\/2022\/02\/N4-10-600.jpg",600,898,false],"thumbnail":["https:\/\/www.plongee-plaisir.com\/fr\/wp-content\/uploads\/2022\/02\/N4-10-600-150x150.jpg",150,150,true],"medium":["https:\/\/www.plongee-plaisir.com\/fr\/wp-content\/uploads\/2022\/02\/N4-10-600-200x300.jpg",200,300,true],"medium_large":["https:\/\/www.plongee-plaisir.com\/fr\/wp-content\/uploads\/2022\/02\/N4-10-600.jpg",600,898,false],"large":["https:\/\/www.plongee-plaisir.com\/fr\/wp-content\/uploads\/2022\/02\/N4-10-600.jpg",600,898,false],"1536x1536":["https:\/\/www.plongee-plaisir.com\/fr\/wp-content\/uploads\/2022\/02\/N4-10-600.jpg",600,898,false],"2048x2048":["https:\/\/www.plongee-plaisir.com\/fr\/wp-content\/uploads\/2022\/02\/N4-10-600.jpg",600,898,false],"featured-content":["https:\/\/www.plongee-plaisir.com\/fr\/wp-content\/uploads\/2022\/02\/N4-10-600-600x800.jpg",600,800,true],"author-pro-image":["https:\/\/www.plongee-plaisir.com\/fr\/wp-content\/uploads\/2022\/02\/N4-10-600-360x570.jpg",360,570,true],"tb-timeline-landscape":["https:\/\/www.plongee-plaisir.com\/fr\/wp-content\/uploads\/2022\/02\/N4-10-600-600x400.jpg",600,400,true],"tb-timeline-square":["https:\/\/www.plongee-plaisir.com\/fr\/wp-content\/uploads\/2022\/02\/N4-10-600-600x600.jpg",600,600,true],"ultp_layout_landscape_large":["https:\/\/www.plongee-plaisir.com\/fr\/wp-content\/uploads\/2022\/02\/N4-10-600-600x800.jpg",600,800,true],"ultp_layout_landscape":["https:\/\/www.plongee-plaisir.com\/fr\/wp-content\/uploads\/2022\/02\/N4-10-600-600x570.jpg",600,570,true],"ultp_layout_portrait":["https:\/\/www.plongee-plaisir.com\/fr\/wp-content\/uploads\/2022\/02\/N4-10-600.jpg",600,898,false],"ultp_layout_square":["https:\/\/www.plongee-plaisir.com\/fr\/wp-content\/uploads\/2022\/02\/N4-10-600-600x600.jpg",600,600,true],"vp_sm":["https:\/\/www.plongee-plaisir.com\/fr\/wp-content\/uploads\/2022\/02\/N4-10-600.jpg",500,748,false],"vp_md":["https:\/\/www.plongee-plaisir.com\/fr\/wp-content\/uploads\/2022\/02\/N4-10-600.jpg",600,898,false],"vp_lg":["https:\/\/www.plongee-plaisir.com\/fr\/wp-content\/uploads\/2022\/02\/N4-10-600.jpg",600,898,false],"vp_xl":["https:\/\/www.plongee-plaisir.com\/fr\/wp-content\/uploads\/2022\/02\/N4-10-600.jpg",600,898,false],"vp_sm_popup":["https:\/\/www.plongee-plaisir.com\/fr\/wp-content\/uploads\/2022\/02\/N4-10-600.jpg",500,748,false],"vp_md_popup":["https:\/\/www.plongee-plaisir.com\/fr\/wp-content\/uploads\/2022\/02\/N4-10-600.jpg",600,898,false],"vp_xl_popup":["https:\/\/www.plongee-plaisir.com\/fr\/wp-content\/uploads\/2022\/02\/N4-10-600.jpg",600,898,false],"gb-block-post-grid-landscape":["https:\/\/www.plongee-plaisir.com\/fr\/wp-content\/uploads\/2022\/02\/N4-10-600-600x400.jpg",600,400,true],"gb-block-post-grid-square":["https:\/\/www.plongee-plaisir.com\/fr\/wp-content\/uploads\/2022\/02\/N4-10-600-600x600.jpg",600,600,true],"woocommerce_thumbnail":["https:\/\/www.plongee-plaisir.com\/fr\/wp-content\/uploads\/2022\/02\/N4-10-600-300x449.jpg",300,449,true],"woocommerce_single":["https:\/\/www.plongee-plaisir.com\/fr\/wp-content\/uploads\/2022\/02\/N4-10-600.jpg",600,898,false],"woocommerce_gallery_thumbnail":["https:\/\/www.plongee-plaisir.com\/fr\/wp-content\/uploads\/2022\/02\/N4-10-600-100x100.jpg",100,100,true],"sow-carousel-default":["https:\/\/www.plongee-plaisir.com\/fr\/wp-content\/uploads\/2022\/02\/N4-10-600-272x182.jpg",272,182,true]},"uagb_author_info":{"display_name":"Alain Foret","author_link":"https:\/\/www.plongee-plaisir.com\/fr\/author\/plongeeplaisir\/"},"uagb_comment_info":0,"uagb_excerpt":"Flottabilit\u00e9 et \u00e9quilibre sont deux \u00e9l\u00e9ments essentiels du plaisir en plong\u00e9e, de la s\u00e9curit\u00e9 du plongeur en \u00e9vitant tout surlestage et de la protection de la nature en assurant une approche respectueuse de la faune et de la flore. Quant aux modifications de la vision (r\u00e9tr\u00e9cissement du champ de vision, att\u00e9nuation des couleurs, modifications de\u2026","featured_img":"https:\/\/www.plongee-plaisir.com\/fr\/wp-content\/uploads\/2022\/02\/N4-10-600.jpg","coauthors":[],"author_meta":{"author_link":"https:\/\/www.plongee-plaisir.com\/fr\/author\/plongeeplaisir\/","display_name":"Alain Foret"},"relative_dates":{"created":"Publi\u00e9 4 ans il y a","modified":"Mis \u00e0 jour 4 ans il y a"},"absolute_dates":{"created":"Publi\u00e9 le 11 f\u00e9vrier 2022","modified":"Mise \u00e0 jour le 14 f\u00e9vrier 2022"},"absolute_dates_time":{"created":"Publi\u00e9 le 11 f\u00e9vrier 2022 17 h 57 min","modified":"Mise \u00e0 jour le 14 f\u00e9vrier 2022 17 h 29 min"},"featured_img_caption":"","tax_additional":{"product_brand":{"linked":[],"unlinked":[],"slug":"product_brand","name":"Marques"},"product_type":{"linked":["<a href=\"https:\/\/www.plongee-plaisir.com\/fr\/?taxonomy=product_type&#038;term=simple\" class=\"advgb-post-tax-term\">simple<\/a>"],"unlinked":["<span class=\"advgb-post-tax-term\">simple<\/span>"],"slug":"product_type","name":"Type de produit"},"product_visibility":{"linked":[],"unlinked":[],"slug":"product_visibility","name":"Visibilit\u00e9 du produit"},"product_cat":{"linked":["<a href=\"https:\/\/www.plongee-plaisir.com\/fr\/categorie-produit\/amphitheatre\/\" class=\"advgb-post-tax-term\">Amphith\u00e9\u00e2tre<\/a>","<a href=\"https:\/\/www.plongee-plaisir.com\/fr\/categorie-produit\/amphitheatre-niveau-4\/\" class=\"advgb-post-tax-term\">Amphith\u00e9\u00e2tre - Niveau 4<\/a>"],"unlinked":["<span class=\"advgb-post-tax-term\">Amphith\u00e9\u00e2tre<\/span>","<span class=\"advgb-post-tax-term\">Amphith\u00e9\u00e2tre - Niveau 4<\/span>"],"slug":"product_cat","name":"Cat\u00e9gories de produits"},"product_tag":{"linked":[],"unlinked":[],"slug":"product_tag","name":"\u00c9tiquettes produit"},"product_shipping_class":{"linked":[],"unlinked":[],"slug":"product_shipping_class","name":"Classe d\u2019exp\u00e9dition du produit"},"pos_product_visibility":{"linked":[],"unlinked":[],"slug":"pos_product_visibility","name":"Visibilit\u00e9 du produit sur le point de vente"}},"series_order":"","_links":{"self":[{"href":"https:\/\/www.plongee-plaisir.com\/fr\/wp-json\/wp\/v2\/product\/54566","targetHints":{"allow":["GET"]}}],"collection":[{"href":"https:\/\/www.plongee-plaisir.com\/fr\/wp-json\/wp\/v2\/product"}],"about":[{"href":"https:\/\/www.plongee-plaisir.com\/fr\/wp-json\/wp\/v2\/types\/product"}],"wp:featuredmedia":[{"embeddable":true,"href":"https:\/\/www.plongee-plaisir.com\/fr\/wp-json\/wp\/v2\/media\/54567"}],"wp:attachment":[{"href":"https:\/\/www.plongee-plaisir.com\/fr\/wp-json\/wp\/v2\/media?parent=54566"}],"wp:term":[{"taxonomy":"product_brand","embeddable":true,"href":"https:\/\/www.plongee-plaisir.com\/fr\/wp-json\/wp\/v2\/product_brand?post=54566"},{"taxonomy":"product_cat","embeddable":true,"href":"https:\/\/www.plongee-plaisir.com\/fr\/wp-json\/wp\/v2\/product_cat?post=54566"},{"taxonomy":"product_tag","embeddable":true,"href":"https:\/\/www.plongee-plaisir.com\/fr\/wp-json\/wp\/v2\/product_tag?post=54566"}],"curies":[{"name":"wp","href":"https:\/\/api.w.org\/{rel}","templated":true}]}}