{"id":54570,"date":"2022-02-11T17:59:17","date_gmt":"2022-02-11T16:59:17","guid":{"rendered":"https:\/\/www.plongee-plaisir.com\/fr\/?post_type=product&#038;p=54570"},"modified":"2022-05-26T19:42:22","modified_gmt":"2022-05-26T17:42:22","slug":"recyclage-des-moniteurs-de-plongee","status":"publish","type":"product","link":"https:\/\/www.plongee-plaisir.com\/fr\/produit\/recyclage-des-moniteurs-de-plongee\/","title":{"rendered":"Recyclage des moniteurs de plong\u00e9e"},"content":{"rendered":"<p><img decoding=\"async\" class=\" wp-image-54596 aligncenter\" src=\"https:\/\/www.plongee-plaisir.com\/fr\/wp-content\/uploads\/2022\/02\/recyclage-moniteurs-2021-2022-mauve.png\" alt=\"\" width=\"127\" height=\"126\" srcset=\"https:\/\/www.plongee-plaisir.com\/fr\/wp-content\/uploads\/2022\/02\/recyclage-moniteurs-2021-2022-mauve.png 398w, https:\/\/www.plongee-plaisir.com\/fr\/wp-content\/uploads\/2022\/02\/recyclage-moniteurs-2021-2022-mauve-300x299.png 300w, https:\/\/www.plongee-plaisir.com\/fr\/wp-content\/uploads\/2022\/02\/recyclage-moniteurs-2021-2022-mauve-100x100.png 100w, https:\/\/www.plongee-plaisir.com\/fr\/wp-content\/uploads\/2022\/02\/recyclage-moniteurs-2021-2022-mauve-150x150.png 150w\" sizes=\"(max-width: 127px) 100vw, 127px\" \/><\/p>\n<p>P\u00c9DAGOGIE \u2013\u00a0RECYCLAGE\u00a0PLONG\u00c9E PLAISIR \u2013 WORLDIVERS : TH\u00c9ORIE &amp; PRATIQUE POUR LES MONITEURS DE PLONG\u00c9E<br \/>\nEnseignement de la plong\u00e9e :\u00a0recyclage\u00a0des connaissances et de la pratique 2021\/2022.<\/p>\n<p>Pr\u00e9alable : \u00catre moniteur en titre, toute organisation<\/p>\n<p>Format : vid\u00e9os, streaming<\/p>\n<p>Dur\u00e9e cumul\u00e9e : 7 h<\/p>\n<p>Intervenant : Alain Foret (BEES2\/DESJEPS, auteur des livres et supports p\u00e9dagogiques <em>Plong\u00e9e Plaisir<\/em>)<\/p>\n<p>Apr\u00e8s achat, vous recevez dans les 5 minutes (pensez \u00e0 consulter vos courriers ind\u00e9sirables ou \u00ab\u00a0spams\u00a0\u00bb) :<\/p>\n<ul>\n<li>Un e-mail de confirmation de votre commande avec les codes d&rsquo;acc\u00e8s aux diff\u00e9rentes vid\u00e9os et un acc\u00e8s \u00e0 des ressources compl\u00e9mentaires (pensez \u00e0 conserver cet e-mail). <strong>Les codes transmis vous sont personnels<\/strong>.<\/li>\n<li>Une facture au format pdf.<\/li>\n<\/ul>\n<h2>PR\u00c9SENTATION<\/h2>\n<p>Cette session permet de faire le point sur les \u00e9l\u00e9ments d&rsquo;actualit\u00e9, que ce soit sur les termes employ\u00e9s, la th\u00e9orie (M-Values, GF, paliers profonds, &#8230;), la r\u00e9glementation (ESP, ERP, EPI, Bouteilles G1\/G2, &#8230;) ou la pratique (l&rsquo;exp\u00e9rience montre des manques chez les plongeurs, notre enseignement doit d&rsquo;adapter pour y rem\u00e9dier).<\/p>\n<h2><strong>PROGRAMME DE FORMATION<\/strong><\/h2>\n<h3><strong>P\u00e9dagogie g\u00e9n\u00e9rale<\/strong><\/h3>\n<ul>\n<li>Terminologie en plong\u00e9e : quelles \u00e9volutions ?<\/li>\n<li>Les sources d\u2019information : comment \u00e9viter \u00ab\u00a0l\u2019effet gourou\u00a0\u00bb et comment s\u2019y retrouver dans les sites, publications et r\u00e9seaux sociaux \u2026 Passer de la \u00ab\u00a0hi\u00e9rarchie de statut\u00a0\u00bb \u00e0 la \u00ab\u00a0hi\u00e9rarchie de comp\u00e9tences\u00a0\u00bb.<\/li>\n<li>L\u2019enseignement des \u00ab\u00a0m\u00e9canismes\u00a0\u00bb en pr\u00e9vention des risques : bonne ou mauvaise id\u00e9e ?<\/li>\n<\/ul>\n<h3><strong>P\u00e9dagogie de la th\u00e9orie<\/strong><\/h3>\n<ul>\n<li>L\u2019enseignement des mod\u00e8les de d\u00e9saturation ;<\/li>\n<li>L\u2019enseignement des M-Values et des Gradient Factors (GF) ;<\/li>\n<li>L\u2019enseignement des proc\u00e9dures de d\u00e9saturation\u00a0;<\/li>\n<li>Paliers profonds ;<\/li>\n<li>Actualit\u00e9 sur les tables MN90 ;<\/li>\n<li>Remont\u00e9es multiples (yo-yo, dents de scie) ou rapides\u00a0: elles sont dangereuses (au cas o\u00f9 : proc\u00e9dure conseill\u00e9e par Plong\u00e9e Plaisir \u2013 Worldivers) ;<\/li>\n<li>L\u2019enseignement de la pr\u00e9vention des ADD\u00a0;<\/li>\n<li>L\u2019enseignement concernant les risques de surpression pulmonaire\u00a0;<\/li>\n<li>L\u2019enseignement concernant les risques d\u2019OPI ;<\/li>\n<li>L\u2019enseignement concernant les risques de narcose.<\/li>\n<\/ul>\n<h3><strong>Actualit\u00e9 de la r\u00e9glementation<\/strong><\/h3>\n<ul>\n<li>Pavillon alpha ;<\/li>\n<li>Plong\u00e9e dans les eaux int\u00e9rieures ;<\/li>\n<li>Bouteilles de plong\u00e9e ;<\/li>\n<li>\u00c9quipements sous pression (ESP) ;<\/li>\n<li>\u00c9tablissements recevant du public (ERP) ;<\/li>\n<li>Obligation d\u2019honorabilit\u00e9 ;<\/li>\n<li>D\u00e9nomination des Administrations ;<\/li>\n<li>Les EPI en plong\u00e9e ;<\/li>\n<li>Brevets d\u2019\u00c9tat et mention B ;<\/li>\n<li>Secourisme et recyclage.<\/li>\n<\/ul>\n<h3><strong>P\u00e9dagogie de la pratique<\/strong><\/h3>\n<ul>\n<li>L\u2019enseignement de la Remont\u00e9e sur Expiration Contr\u00f4l\u00e9e (REC) et exercices assimil\u00e9s\u00a0;<\/li>\n<li>L\u2019enseignement du vidage de masque\u00a0;<\/li>\n<li>L\u2019enseignement de la descente\u00a0;<\/li>\n<li>L\u2019enseignement de la remont\u00e9e\u00a0;<\/li>\n<li>L\u2019enseignement de la DTMR\u00a0;<\/li>\n<li>L\u2019enseignement de l\u2019IPD\u00a0;<\/li>\n<li>L\u2019enseignement de l\u2019IPD pour les candidats au MF1.<\/li>\n<\/ul>\n","protected":false},"excerpt":{"rendered":"<p>Cette session de recyclage moniteurs permet de faire le point sur les \u00e9l\u00e9ments d&rsquo;actualit\u00e9, que ce soit sur les termes employ\u00e9s, la th\u00e9orie (M-Values, GF, paliers profonds, &#8230;), la r\u00e9glementation (ESP, ERP, EPI, Bouteilles G1\/G2, &#8230;) ou la pratique (l&rsquo;exp\u00e9rience montre des manques chez les plongeurs, notre enseignement doit d&rsquo;adapter pour y rem\u00e9dier).<\/p>\n","protected":false},"author":4,"featured_media":54571,"template":"","meta":{"_crdt_document":"","_uag_custom_page_level_css":"","advgb_blocks_editor_width":"","advgb_blocks_columns_visual_guide":"","_genesis_hide_title":false,"_genesis_hide_breadcrumbs":false,"_genesis_hide_singular_image":false,"_genesis_hide_footer_widgets":false,"_genesis_custom_body_class":"","_genesis_custom_post_class":"","_genesis_layout":"","_vp_format_video_url":"","_vp_image_focal_point":[]},"product_brand":[],"product_cat":[293,367],"product_tag":[],"class_list":{"0":"post-54570","1":"product","2":"type-product","3":"status-publish","4":"has-post-thumbnail","6":"product_cat-amphitheatre","7":"product_cat-amphitheatre-conferences","8":"entry","10":"first","11":"instock","12":"virtual","13":"sold-individually","14":"taxable","15":"purchasable","16":"product-type-simple"},"yoast_head":"<!-- This site is optimized with the Yoast SEO plugin v27.5 - https:\/\/yoast.com\/product\/yoast-seo-wordpress\/ -->\n<title>Recyclage des moniteurs de plong\u00e9e - Plong\u00e9e Plaisir, site officiel<\/title>\n<meta name=\"description\" content=\"Recyclage des moniteurs de plong\u00e9e : terminologie, r\u00e9glementation, p\u00e9dagogie de la pratique, p\u00e9dagogie de la th\u00e9orie, ...\" \/>\n<meta name=\"robots\" content=\"index, follow, max-snippet:-1, max-image-preview:large, max-video-preview:-1\" \/>\n<link rel=\"canonical\" href=\"https:\/\/www.plongee-plaisir.com\/fr\/produit\/recyclage-des-moniteurs-de-plongee\/\" \/>\n<meta property=\"og:locale\" content=\"fr_FR\" \/>\n<meta property=\"og:type\" content=\"article\" \/>\n<meta property=\"og:title\" content=\"Recyclage des moniteurs de plong\u00e9e - Plong\u00e9e Plaisir, site officiel\" \/>\n<meta property=\"og:description\" content=\"Recyclage des moniteurs de plong\u00e9e : terminologie, r\u00e9glementation, p\u00e9dagogie de la pratique, p\u00e9dagogie de la th\u00e9orie, ...\" \/>\n<meta property=\"og:url\" content=\"https:\/\/www.plongee-plaisir.com\/fr\/produit\/recyclage-des-moniteurs-de-plongee\/\" \/>\n<meta property=\"og:site_name\" content=\"Plong\u00e9e Plaisir, site officiel\" \/>\n<meta property=\"article:modified_time\" content=\"2022-05-26T17:42:22+00:00\" \/>\n<meta property=\"og:image\" content=\"https:\/\/www.plongee-plaisir.com\/fr\/wp-content\/uploads\/2022\/02\/Recyclage-moniteurs-2022.jpg\" \/>\n\t<meta property=\"og:image:width\" content=\"600\" \/>\n\t<meta property=\"og:image:height\" content=\"898\" \/>\n\t<meta property=\"og:image:type\" content=\"image\/jpeg\" \/>\n<meta name=\"twitter:card\" content=\"summary_large_image\" \/>\n<meta name=\"twitter:label1\" content=\"Dur\u00e9e de lecture estim\u00e9e\" \/>\n\t<meta name=\"twitter:data1\" content=\"3 minutes\" \/>\n<script type=\"application\/ld+json\" class=\"yoast-schema-graph\">{\"@context\":\"https:\\\/\\\/schema.org\",\"@graph\":[{\"@type\":\"WebPage\",\"@id\":\"https:\\\/\\\/www.plongee-plaisir.com\\\/fr\\\/produit\\\/recyclage-des-moniteurs-de-plongee\\\/\",\"url\":\"https:\\\/\\\/www.plongee-plaisir.com\\\/fr\\\/produit\\\/recyclage-des-moniteurs-de-plongee\\\/\",\"name\":\"Recyclage des moniteurs de plong\u00e9e - Plong\u00e9e Plaisir, site officiel\",\"isPartOf\":{\"@id\":\"https:\\\/\\\/www.plongee-plaisir.com\\\/fr\\\/#website\"},\"primaryImageOfPage\":{\"@id\":\"https:\\\/\\\/www.plongee-plaisir.com\\\/fr\\\/produit\\\/recyclage-des-moniteurs-de-plongee\\\/#primaryimage\"},\"image\":{\"@id\":\"https:\\\/\\\/www.plongee-plaisir.com\\\/fr\\\/produit\\\/recyclage-des-moniteurs-de-plongee\\\/#primaryimage\"},\"thumbnailUrl\":\"https:\\\/\\\/www.plongee-plaisir.com\\\/fr\\\/wp-content\\\/uploads\\\/2022\\\/02\\\/Recyclage-moniteurs-2022.jpg\",\"datePublished\":\"2022-02-11T16:59:17+00:00\",\"dateModified\":\"2022-05-26T17:42:22+00:00\",\"description\":\"Recyclage des moniteurs de plong\u00e9e : terminologie, r\u00e9glementation, p\u00e9dagogie de la pratique, p\u00e9dagogie de la th\u00e9orie, ...\",\"breadcrumb\":{\"@id\":\"https:\\\/\\\/www.plongee-plaisir.com\\\/fr\\\/produit\\\/recyclage-des-moniteurs-de-plongee\\\/#breadcrumb\"},\"inLanguage\":\"fr-FR\",\"potentialAction\":[{\"@type\":\"ReadAction\",\"target\":[\"https:\\\/\\\/www.plongee-plaisir.com\\\/fr\\\/produit\\\/recyclage-des-moniteurs-de-plongee\\\/\"]}]},{\"@type\":\"ImageObject\",\"inLanguage\":\"fr-FR\",\"@id\":\"https:\\\/\\\/www.plongee-plaisir.com\\\/fr\\\/produit\\\/recyclage-des-moniteurs-de-plongee\\\/#primaryimage\",\"url\":\"https:\\\/\\\/www.plongee-plaisir.com\\\/fr\\\/wp-content\\\/uploads\\\/2022\\\/02\\\/Recyclage-moniteurs-2022.jpg\",\"contentUrl\":\"https:\\\/\\\/www.plongee-plaisir.com\\\/fr\\\/wp-content\\\/uploads\\\/2022\\\/02\\\/Recyclage-moniteurs-2022.jpg\",\"width\":600,\"height\":898},{\"@type\":\"BreadcrumbList\",\"@id\":\"https:\\\/\\\/www.plongee-plaisir.com\\\/fr\\\/produit\\\/recyclage-des-moniteurs-de-plongee\\\/#breadcrumb\",\"itemListElement\":[{\"@type\":\"ListItem\",\"position\":1,\"name\":\"Accueil\",\"item\":\"https:\\\/\\\/www.plongee-plaisir.com\\\/fr\\\/\"},{\"@type\":\"ListItem\",\"position\":2,\"name\":\"Recyclage des moniteurs de plong\u00e9e\"}]},{\"@type\":\"WebSite\",\"@id\":\"https:\\\/\\\/www.plongee-plaisir.com\\\/fr\\\/#website\",\"url\":\"https:\\\/\\\/www.plongee-plaisir.com\\\/fr\\\/\",\"name\":\"Plong\u00e9e Plaisir, site officiel\",\"description\":\"Apprendre \u00e0 plonger - Learning to dive\",\"potentialAction\":[{\"@type\":\"SearchAction\",\"target\":{\"@type\":\"EntryPoint\",\"urlTemplate\":\"https:\\\/\\\/www.plongee-plaisir.com\\\/fr\\\/?s={search_term_string}\"},\"query-input\":{\"@type\":\"PropertyValueSpecification\",\"valueRequired\":true,\"valueName\":\"search_term_string\"}}],\"inLanguage\":\"fr-FR\"}]}<\/script>\n<!-- \/ Yoast SEO plugin. -->","yoast_head_json":{"title":"Recyclage des moniteurs de plong\u00e9e - Plong\u00e9e Plaisir, site officiel","description":"Recyclage des moniteurs de plong\u00e9e : terminologie, r\u00e9glementation, p\u00e9dagogie de la pratique, p\u00e9dagogie de la th\u00e9orie, ...","robots":{"index":"index","follow":"follow","max-snippet":"max-snippet:-1","max-image-preview":"max-image-preview:large","max-video-preview":"max-video-preview:-1"},"canonical":"https:\/\/www.plongee-plaisir.com\/fr\/produit\/recyclage-des-moniteurs-de-plongee\/","og_locale":"fr_FR","og_type":"article","og_title":"Recyclage des moniteurs de plong\u00e9e - Plong\u00e9e Plaisir, site officiel","og_description":"Recyclage des moniteurs de plong\u00e9e : terminologie, r\u00e9glementation, p\u00e9dagogie de la pratique, p\u00e9dagogie de la th\u00e9orie, ...","og_url":"https:\/\/www.plongee-plaisir.com\/fr\/produit\/recyclage-des-moniteurs-de-plongee\/","og_site_name":"Plong\u00e9e Plaisir, site officiel","article_modified_time":"2022-05-26T17:42:22+00:00","og_image":[{"width":600,"height":898,"url":"https:\/\/www.plongee-plaisir.com\/fr\/wp-content\/uploads\/2022\/02\/Recyclage-moniteurs-2022.jpg","type":"image\/jpeg"}],"twitter_card":"summary_large_image","twitter_misc":{"Dur\u00e9e de lecture estim\u00e9e":"3 minutes"},"schema":{"@context":"https:\/\/schema.org","@graph":[{"@type":"WebPage","@id":"https:\/\/www.plongee-plaisir.com\/fr\/produit\/recyclage-des-moniteurs-de-plongee\/","url":"https:\/\/www.plongee-plaisir.com\/fr\/produit\/recyclage-des-moniteurs-de-plongee\/","name":"Recyclage des moniteurs de plong\u00e9e - Plong\u00e9e Plaisir, site officiel","isPartOf":{"@id":"https:\/\/www.plongee-plaisir.com\/fr\/#website"},"primaryImageOfPage":{"@id":"https:\/\/www.plongee-plaisir.com\/fr\/produit\/recyclage-des-moniteurs-de-plongee\/#primaryimage"},"image":{"@id":"https:\/\/www.plongee-plaisir.com\/fr\/produit\/recyclage-des-moniteurs-de-plongee\/#primaryimage"},"thumbnailUrl":"https:\/\/www.plongee-plaisir.com\/fr\/wp-content\/uploads\/2022\/02\/Recyclage-moniteurs-2022.jpg","datePublished":"2022-02-11T16:59:17+00:00","dateModified":"2022-05-26T17:42:22+00:00","description":"Recyclage des moniteurs de plong\u00e9e : terminologie, r\u00e9glementation, p\u00e9dagogie de la pratique, p\u00e9dagogie de la th\u00e9orie, ...","breadcrumb":{"@id":"https:\/\/www.plongee-plaisir.com\/fr\/produit\/recyclage-des-moniteurs-de-plongee\/#breadcrumb"},"inLanguage":"fr-FR","potentialAction":[{"@type":"ReadAction","target":["https:\/\/www.plongee-plaisir.com\/fr\/produit\/recyclage-des-moniteurs-de-plongee\/"]}]},{"@type":"ImageObject","inLanguage":"fr-FR","@id":"https:\/\/www.plongee-plaisir.com\/fr\/produit\/recyclage-des-moniteurs-de-plongee\/#primaryimage","url":"https:\/\/www.plongee-plaisir.com\/fr\/wp-content\/uploads\/2022\/02\/Recyclage-moniteurs-2022.jpg","contentUrl":"https:\/\/www.plongee-plaisir.com\/fr\/wp-content\/uploads\/2022\/02\/Recyclage-moniteurs-2022.jpg","width":600,"height":898},{"@type":"BreadcrumbList","@id":"https:\/\/www.plongee-plaisir.com\/fr\/produit\/recyclage-des-moniteurs-de-plongee\/#breadcrumb","itemListElement":[{"@type":"ListItem","position":1,"name":"Accueil","item":"https:\/\/www.plongee-plaisir.com\/fr\/"},{"@type":"ListItem","position":2,"name":"Recyclage des moniteurs de plong\u00e9e"}]},{"@type":"WebSite","@id":"https:\/\/www.plongee-plaisir.com\/fr\/#website","url":"https:\/\/www.plongee-plaisir.com\/fr\/","name":"Plong\u00e9e Plaisir, site officiel","description":"Apprendre \u00e0 plonger - Learning to dive","potentialAction":[{"@type":"SearchAction","target":{"@type":"EntryPoint","urlTemplate":"https:\/\/www.plongee-plaisir.com\/fr\/?s={search_term_string}"},"query-input":{"@type":"PropertyValueSpecification","valueRequired":true,"valueName":"search_term_string"}}],"inLanguage":"fr-FR"}]}},"uagb_featured_image_src":{"full":["https:\/\/www.plongee-plaisir.com\/fr\/wp-content\/uploads\/2022\/02\/Recyclage-moniteurs-2022.jpg",600,898,false],"thumbnail":["https:\/\/www.plongee-plaisir.com\/fr\/wp-content\/uploads\/2022\/02\/Recyclage-moniteurs-2022-150x150.jpg",150,150,true],"medium":["https:\/\/www.plongee-plaisir.com\/fr\/wp-content\/uploads\/2022\/02\/Recyclage-moniteurs-2022-200x300.jpg",200,300,true],"medium_large":["https:\/\/www.plongee-plaisir.com\/fr\/wp-content\/uploads\/2022\/02\/Recyclage-moniteurs-2022.jpg",600,898,false],"large":["https:\/\/www.plongee-plaisir.com\/fr\/wp-content\/uploads\/2022\/02\/Recyclage-moniteurs-2022.jpg",600,898,false],"1536x1536":["https:\/\/www.plongee-plaisir.com\/fr\/wp-content\/uploads\/2022\/02\/Recyclage-moniteurs-2022.jpg",600,898,false],"2048x2048":["https:\/\/www.plongee-plaisir.com\/fr\/wp-content\/uploads\/2022\/02\/Recyclage-moniteurs-2022.jpg",600,898,false],"featured-content":["https:\/\/www.plongee-plaisir.com\/fr\/wp-content\/uploads\/2022\/02\/Recyclage-moniteurs-2022-600x800.jpg",600,800,true],"author-pro-image":["https:\/\/www.plongee-plaisir.com\/fr\/wp-content\/uploads\/2022\/02\/Recyclage-moniteurs-2022-360x570.jpg",360,570,true],"tb-timeline-landscape":["https:\/\/www.plongee-plaisir.com\/fr\/wp-content\/uploads\/2022\/02\/Recyclage-moniteurs-2022-600x400.jpg",600,400,true],"tb-timeline-square":["https:\/\/www.plongee-plaisir.com\/fr\/wp-content\/uploads\/2022\/02\/Recyclage-moniteurs-2022-600x600.jpg",600,600,true],"ultp_layout_landscape_large":["https:\/\/www.plongee-plaisir.com\/fr\/wp-content\/uploads\/2022\/02\/Recyclage-moniteurs-2022-600x800.jpg",600,800,true],"ultp_layout_landscape":["https:\/\/www.plongee-plaisir.com\/fr\/wp-content\/uploads\/2022\/02\/Recyclage-moniteurs-2022-600x570.jpg",600,570,true],"ultp_layout_portrait":["https:\/\/www.plongee-plaisir.com\/fr\/wp-content\/uploads\/2022\/02\/Recyclage-moniteurs-2022.jpg",600,898,false],"ultp_layout_square":["https:\/\/www.plongee-plaisir.com\/fr\/wp-content\/uploads\/2022\/02\/Recyclage-moniteurs-2022-600x600.jpg",600,600,true],"vp_sm":["https:\/\/www.plongee-plaisir.com\/fr\/wp-content\/uploads\/2022\/02\/Recyclage-moniteurs-2022.jpg",500,748,false],"vp_md":["https:\/\/www.plongee-plaisir.com\/fr\/wp-content\/uploads\/2022\/02\/Recyclage-moniteurs-2022.jpg",600,898,false],"vp_lg":["https:\/\/www.plongee-plaisir.com\/fr\/wp-content\/uploads\/2022\/02\/Recyclage-moniteurs-2022.jpg",600,898,false],"vp_xl":["https:\/\/www.plongee-plaisir.com\/fr\/wp-content\/uploads\/2022\/02\/Recyclage-moniteurs-2022.jpg",600,898,false],"vp_sm_popup":["https:\/\/www.plongee-plaisir.com\/fr\/wp-content\/uploads\/2022\/02\/Recyclage-moniteurs-2022.jpg",500,748,false],"vp_md_popup":["https:\/\/www.plongee-plaisir.com\/fr\/wp-content\/uploads\/2022\/02\/Recyclage-moniteurs-2022.jpg",600,898,false],"vp_xl_popup":["https:\/\/www.plongee-plaisir.com\/fr\/wp-content\/uploads\/2022\/02\/Recyclage-moniteurs-2022.jpg",600,898,false],"gb-block-post-grid-landscape":["https:\/\/www.plongee-plaisir.com\/fr\/wp-content\/uploads\/2022\/02\/Recyclage-moniteurs-2022-600x400.jpg",600,400,true],"gb-block-post-grid-square":["https:\/\/www.plongee-plaisir.com\/fr\/wp-content\/uploads\/2022\/02\/Recyclage-moniteurs-2022-600x600.jpg",600,600,true],"woocommerce_thumbnail":["https:\/\/www.plongee-plaisir.com\/fr\/wp-content\/uploads\/2022\/02\/Recyclage-moniteurs-2022-300x449.jpg",300,449,true],"woocommerce_single":["https:\/\/www.plongee-plaisir.com\/fr\/wp-content\/uploads\/2022\/02\/Recyclage-moniteurs-2022.jpg",600,898,false],"woocommerce_gallery_thumbnail":["https:\/\/www.plongee-plaisir.com\/fr\/wp-content\/uploads\/2022\/02\/Recyclage-moniteurs-2022-100x100.jpg",100,100,true],"sow-carousel-default":["https:\/\/www.plongee-plaisir.com\/fr\/wp-content\/uploads\/2022\/02\/Recyclage-moniteurs-2022-272x182.jpg",272,182,true]},"uagb_author_info":{"display_name":"Alain Foret","author_link":"https:\/\/www.plongee-plaisir.com\/fr\/author\/plongeeplaisir\/"},"uagb_comment_info":0,"uagb_excerpt":"Cette session de recyclage moniteurs permet de faire le point sur les \u00e9l\u00e9ments d'actualit\u00e9, que ce soit sur les termes employ\u00e9s, la th\u00e9orie (M-Values, GF, paliers profonds, ...), la r\u00e9glementation (ESP, ERP, EPI, Bouteilles G1\/G2, ...) ou la pratique (l'exp\u00e9rience montre des manques chez les plongeurs, notre enseignement doit d'adapter pour y rem\u00e9dier).","featured_img":"https:\/\/www.plongee-plaisir.com\/fr\/wp-content\/uploads\/2022\/02\/Recyclage-moniteurs-2022.jpg","coauthors":[],"author_meta":{"author_link":"https:\/\/www.plongee-plaisir.com\/fr\/author\/plongeeplaisir\/","display_name":"Alain Foret"},"relative_dates":{"created":"Publi\u00e9 4 ans il y a","modified":"Mis \u00e0 jour 4 ans il y a"},"absolute_dates":{"created":"Publi\u00e9 le 11 f\u00e9vrier 2022","modified":"Mise \u00e0 jour le 26 mai 2022"},"absolute_dates_time":{"created":"Publi\u00e9 le 11 f\u00e9vrier 2022 17 h 59 min","modified":"Mise \u00e0 jour le 26 mai 2022 19 h 42 min"},"featured_img_caption":"","tax_additional":{"product_brand":{"linked":[],"unlinked":[],"slug":"product_brand","name":"Marques"},"product_type":{"linked":["<a href=\"https:\/\/www.plongee-plaisir.com\/fr\/?taxonomy=product_type&#038;term=simple\" class=\"advgb-post-tax-term\">simple<\/a>"],"unlinked":["<span class=\"advgb-post-tax-term\">simple<\/span>"],"slug":"product_type","name":"Type de produit"},"product_visibility":{"linked":[],"unlinked":[],"slug":"product_visibility","name":"Visibilit\u00e9 du produit"},"product_cat":{"linked":["<a href=\"https:\/\/www.plongee-plaisir.com\/fr\/categorie-produit\/amphitheatre\/\" class=\"advgb-post-tax-term\">Amphith\u00e9\u00e2tre<\/a>","<a href=\"https:\/\/www.plongee-plaisir.com\/fr\/categorie-produit\/amphitheatre-conferences\/\" class=\"advgb-post-tax-term\">Amphith\u00e9\u00e2tre - Conf\u00e9rences<\/a>"],"unlinked":["<span class=\"advgb-post-tax-term\">Amphith\u00e9\u00e2tre<\/span>","<span class=\"advgb-post-tax-term\">Amphith\u00e9\u00e2tre - Conf\u00e9rences<\/span>"],"slug":"product_cat","name":"Cat\u00e9gories de produits"},"product_tag":{"linked":[],"unlinked":[],"slug":"product_tag","name":"\u00c9tiquettes produit"},"product_shipping_class":{"linked":[],"unlinked":[],"slug":"product_shipping_class","name":"Classe d\u2019exp\u00e9dition du produit"},"pos_product_visibility":{"linked":[],"unlinked":[],"slug":"pos_product_visibility","name":"Visibilit\u00e9 du produit sur le point de vente"}},"series_order":"","_links":{"self":[{"href":"https:\/\/www.plongee-plaisir.com\/fr\/wp-json\/wp\/v2\/product\/54570","targetHints":{"allow":["GET"]}}],"collection":[{"href":"https:\/\/www.plongee-plaisir.com\/fr\/wp-json\/wp\/v2\/product"}],"about":[{"href":"https:\/\/www.plongee-plaisir.com\/fr\/wp-json\/wp\/v2\/types\/product"}],"wp:featuredmedia":[{"embeddable":true,"href":"https:\/\/www.plongee-plaisir.com\/fr\/wp-json\/wp\/v2\/media\/54571"}],"wp:attachment":[{"href":"https:\/\/www.plongee-plaisir.com\/fr\/wp-json\/wp\/v2\/media?parent=54570"}],"wp:term":[{"taxonomy":"product_brand","embeddable":true,"href":"https:\/\/www.plongee-plaisir.com\/fr\/wp-json\/wp\/v2\/product_brand?post=54570"},{"taxonomy":"product_cat","embeddable":true,"href":"https:\/\/www.plongee-plaisir.com\/fr\/wp-json\/wp\/v2\/product_cat?post=54570"},{"taxonomy":"product_tag","embeddable":true,"href":"https:\/\/www.plongee-plaisir.com\/fr\/wp-json\/wp\/v2\/product_tag?post=54570"}],"curies":[{"name":"wp","href":"https:\/\/api.w.org\/{rel}","templated":true}]}}