{"id":54579,"date":"2022-02-11T18:03:33","date_gmt":"2022-02-11T17:03:33","guid":{"rendered":"https:\/\/www.plongee-plaisir.com\/fr\/?post_type=product&#038;p=54579"},"modified":"2022-12-07T22:37:49","modified_gmt":"2022-12-07T21:37:49","slug":"les-grands-equilibres","status":"publish","type":"product","link":"https:\/\/www.plongee-plaisir.com\/fr\/produit\/les-grands-equilibres\/","title":{"rendered":"Les grands \u00e9quilibres"},"content":{"rendered":"<div class=\"eMember_protected_message\">S&rsquo;il vous plait <a href=\"https:\/\/www.plongee-plaisir.com\/fr\/produit\/les-grands-equilibres\/?event=login\">Connexion - Login<\/a> Pour voir ce contenu. <span class=\"eMember_not_a_member_msg\">(Pas encore membre ? <a href=\"https:\/\/www.plongee-plaisir.com\/fr\/join-us\/registration\/\">Adh&eacute;rez maintenant !<\/a>)<\/span><\/div>","protected":false},"excerpt":{"rendered":"<p>L\u2019Oc\u00e9an occupe 71% de la surface de la plan\u00e8te Terre.<br \/>\nAu-del\u00e0 de sa surface, les plongeurs savent bien que l\u2019Oc\u00e9an est un volume.<br \/>\nCe volume, source de la vie sur Terre, est un formidable r\u00e9gulateur de la temp\u00e9rature, de sa salinit\u00e9, de l\u2019oxyg\u00e8ne atmosph\u00e9rique (cycle de l\u2019O2 libre), du gaz carbonique (cycle du CO2, avec l\u2019acidification de l\u2019oc\u00e9an qui en d\u00e9coule) et des gaz \u00e0 effet de serre dont la connaissance du pouvoir de r\u00e9chauffement global (PRG) est essentielle \u00e0 la compr\u00e9hension du r\u00e9chauffement de notre plan\u00e8te.<br \/>\nCela est d\u2019autant plus important que les habitants de l\u2019oc\u00e9an sont tributaires de sa temp\u00e9rature (animaux \u00e0 \u201csang froid\u201d), de sa salinit\u00e9 et de son acidit\u00e9 (pH).<br \/>\nComprendre pour mieux prot\u00e9ger : tout un enjeux !<\/p>\n","protected":false},"author":4,"featured_media":54580,"template":"","meta":{"_crdt_document":"","_uag_custom_page_level_css":"","advgb_blocks_editor_width":"","advgb_blocks_columns_visual_guide":"","_genesis_hide_title":false,"_genesis_hide_breadcrumbs":false,"_genesis_hide_singular_image":false,"_genesis_hide_footer_widgets":false,"_genesis_custom_body_class":"","_genesis_custom_post_class":"","_genesis_layout":"","_vp_format_video_url":"","_vp_image_focal_point":[]},"product_brand":[],"product_cat":[293,367],"product_tag":[],"class_list":{"0":"post-54579","1":"product","2":"type-product","3":"status-publish","4":"has-post-thumbnail","6":"product_cat-amphitheatre","7":"product_cat-amphitheatre-conferences","8":"entry","10":"first","11":"instock","12":"virtual","13":"sold-individually","14":"taxable","15":"purchasable","16":"product-type-simple"},"yoast_head":"<!-- This site is optimized with the Yoast SEO plugin v27.3 - https:\/\/yoast.com\/product\/yoast-seo-wordpress\/ -->\n<title>Les grands \u00e9quilibres - Plong\u00e9e Plaisir, site officiel<\/title>\n<meta name=\"description\" content=\"Les grands \u00e9quilibres et l&#039;oc\u00e9an : r\u00e9gulation de la temp\u00e9rature atmosph\u00e9rique, cycle du sel, cycle du CO2, cycle de l&#039;O2.\" \/>\n<meta name=\"robots\" content=\"index, follow, max-snippet:-1, max-image-preview:large, max-video-preview:-1\" \/>\n<link rel=\"canonical\" href=\"https:\/\/www.plongee-plaisir.com\/fr\/produit\/les-grands-equilibres\/\" \/>\n<meta property=\"og:locale\" content=\"fr_FR\" \/>\n<meta property=\"og:type\" content=\"article\" \/>\n<meta property=\"og:title\" content=\"Les grands \u00e9quilibres - Plong\u00e9e Plaisir, site officiel\" \/>\n<meta property=\"og:description\" content=\"Les grands \u00e9quilibres et l&#039;oc\u00e9an : r\u00e9gulation de la temp\u00e9rature atmosph\u00e9rique, cycle du sel, cycle du CO2, cycle de l&#039;O2.\" \/>\n<meta property=\"og:url\" content=\"https:\/\/www.plongee-plaisir.com\/fr\/produit\/les-grands-equilibres\/\" \/>\n<meta property=\"og:site_name\" content=\"Plong\u00e9e Plaisir, site officiel\" \/>\n<meta property=\"article:modified_time\" content=\"2022-12-07T21:37:49+00:00\" \/>\n<meta property=\"og:image\" content=\"https:\/\/www.plongee-plaisir.com\/fr\/wp-content\/uploads\/2022\/02\/les-grands-equilibres.jpg\" \/>\n\t<meta property=\"og:image:width\" content=\"600\" \/>\n\t<meta property=\"og:image:height\" content=\"898\" \/>\n\t<meta property=\"og:image:type\" content=\"image\/jpeg\" \/>\n<meta name=\"twitter:card\" content=\"summary_large_image\" \/>\n<meta name=\"twitter:label1\" content=\"Dur\u00e9e de lecture estim\u00e9e\" \/>\n\t<meta name=\"twitter:data1\" content=\"2 minutes\" \/>\n<script type=\"application\/ld+json\" class=\"yoast-schema-graph\">{\"@context\":\"https:\\\/\\\/schema.org\",\"@graph\":[{\"@type\":\"WebPage\",\"@id\":\"https:\\\/\\\/www.plongee-plaisir.com\\\/fr\\\/produit\\\/les-grands-equilibres\\\/\",\"url\":\"https:\\\/\\\/www.plongee-plaisir.com\\\/fr\\\/produit\\\/les-grands-equilibres\\\/\",\"name\":\"Les grands \u00e9quilibres - Plong\u00e9e Plaisir, site officiel\",\"isPartOf\":{\"@id\":\"https:\\\/\\\/www.plongee-plaisir.com\\\/fr\\\/#website\"},\"primaryImageOfPage\":{\"@id\":\"https:\\\/\\\/www.plongee-plaisir.com\\\/fr\\\/produit\\\/les-grands-equilibres\\\/#primaryimage\"},\"image\":{\"@id\":\"https:\\\/\\\/www.plongee-plaisir.com\\\/fr\\\/produit\\\/les-grands-equilibres\\\/#primaryimage\"},\"thumbnailUrl\":\"https:\\\/\\\/www.plongee-plaisir.com\\\/fr\\\/wp-content\\\/uploads\\\/2022\\\/02\\\/les-grands-equilibres.jpg\",\"datePublished\":\"2022-02-11T17:03:33+00:00\",\"dateModified\":\"2022-12-07T21:37:49+00:00\",\"description\":\"Les grands \u00e9quilibres et l'oc\u00e9an : r\u00e9gulation de la temp\u00e9rature atmosph\u00e9rique, cycle du sel, cycle du CO2, cycle de l'O2.\",\"breadcrumb\":{\"@id\":\"https:\\\/\\\/www.plongee-plaisir.com\\\/fr\\\/produit\\\/les-grands-equilibres\\\/#breadcrumb\"},\"inLanguage\":\"fr-FR\",\"potentialAction\":[{\"@type\":\"ReadAction\",\"target\":[\"https:\\\/\\\/www.plongee-plaisir.com\\\/fr\\\/produit\\\/les-grands-equilibres\\\/\"]}]},{\"@type\":\"ImageObject\",\"inLanguage\":\"fr-FR\",\"@id\":\"https:\\\/\\\/www.plongee-plaisir.com\\\/fr\\\/produit\\\/les-grands-equilibres\\\/#primaryimage\",\"url\":\"https:\\\/\\\/www.plongee-plaisir.com\\\/fr\\\/wp-content\\\/uploads\\\/2022\\\/02\\\/les-grands-equilibres.jpg\",\"contentUrl\":\"https:\\\/\\\/www.plongee-plaisir.com\\\/fr\\\/wp-content\\\/uploads\\\/2022\\\/02\\\/les-grands-equilibres.jpg\",\"width\":600,\"height\":898},{\"@type\":\"BreadcrumbList\",\"@id\":\"https:\\\/\\\/www.plongee-plaisir.com\\\/fr\\\/produit\\\/les-grands-equilibres\\\/#breadcrumb\",\"itemListElement\":[{\"@type\":\"ListItem\",\"position\":1,\"name\":\"Accueil\",\"item\":\"https:\\\/\\\/www.plongee-plaisir.com\\\/fr\\\/\"},{\"@type\":\"ListItem\",\"position\":2,\"name\":\"Les grands \u00e9quilibres\"}]},{\"@type\":\"WebSite\",\"@id\":\"https:\\\/\\\/www.plongee-plaisir.com\\\/fr\\\/#website\",\"url\":\"https:\\\/\\\/www.plongee-plaisir.com\\\/fr\\\/\",\"name\":\"Plong\u00e9e Plaisir, site officiel\",\"description\":\"Apprendre \u00e0 plonger - Learning to dive\",\"potentialAction\":[{\"@type\":\"SearchAction\",\"target\":{\"@type\":\"EntryPoint\",\"urlTemplate\":\"https:\\\/\\\/www.plongee-plaisir.com\\\/fr\\\/?s={search_term_string}\"},\"query-input\":{\"@type\":\"PropertyValueSpecification\",\"valueRequired\":true,\"valueName\":\"search_term_string\"}}],\"inLanguage\":\"fr-FR\"}]}<\/script>\n<!-- \/ Yoast SEO plugin. -->","yoast_head_json":{"title":"Les grands \u00e9quilibres - Plong\u00e9e Plaisir, site officiel","description":"Les grands \u00e9quilibres et l'oc\u00e9an : r\u00e9gulation de la temp\u00e9rature atmosph\u00e9rique, cycle du sel, cycle du CO2, cycle de l'O2.","robots":{"index":"index","follow":"follow","max-snippet":"max-snippet:-1","max-image-preview":"max-image-preview:large","max-video-preview":"max-video-preview:-1"},"canonical":"https:\/\/www.plongee-plaisir.com\/fr\/produit\/les-grands-equilibres\/","og_locale":"fr_FR","og_type":"article","og_title":"Les grands \u00e9quilibres - Plong\u00e9e Plaisir, site officiel","og_description":"Les grands \u00e9quilibres et l'oc\u00e9an : r\u00e9gulation de la temp\u00e9rature atmosph\u00e9rique, cycle du sel, cycle du CO2, cycle de l'O2.","og_url":"https:\/\/www.plongee-plaisir.com\/fr\/produit\/les-grands-equilibres\/","og_site_name":"Plong\u00e9e Plaisir, site officiel","article_modified_time":"2022-12-07T21:37:49+00:00","og_image":[{"width":600,"height":898,"url":"https:\/\/www.plongee-plaisir.com\/fr\/wp-content\/uploads\/2022\/02\/les-grands-equilibres.jpg","type":"image\/jpeg"}],"twitter_card":"summary_large_image","twitter_misc":{"Dur\u00e9e de lecture estim\u00e9e":"2 minutes"},"schema":{"@context":"https:\/\/schema.org","@graph":[{"@type":"WebPage","@id":"https:\/\/www.plongee-plaisir.com\/fr\/produit\/les-grands-equilibres\/","url":"https:\/\/www.plongee-plaisir.com\/fr\/produit\/les-grands-equilibres\/","name":"Les grands \u00e9quilibres - Plong\u00e9e Plaisir, site officiel","isPartOf":{"@id":"https:\/\/www.plongee-plaisir.com\/fr\/#website"},"primaryImageOfPage":{"@id":"https:\/\/www.plongee-plaisir.com\/fr\/produit\/les-grands-equilibres\/#primaryimage"},"image":{"@id":"https:\/\/www.plongee-plaisir.com\/fr\/produit\/les-grands-equilibres\/#primaryimage"},"thumbnailUrl":"https:\/\/www.plongee-plaisir.com\/fr\/wp-content\/uploads\/2022\/02\/les-grands-equilibres.jpg","datePublished":"2022-02-11T17:03:33+00:00","dateModified":"2022-12-07T21:37:49+00:00","description":"Les grands \u00e9quilibres et l'oc\u00e9an : r\u00e9gulation de la temp\u00e9rature atmosph\u00e9rique, cycle du sel, cycle du CO2, cycle de l'O2.","breadcrumb":{"@id":"https:\/\/www.plongee-plaisir.com\/fr\/produit\/les-grands-equilibres\/#breadcrumb"},"inLanguage":"fr-FR","potentialAction":[{"@type":"ReadAction","target":["https:\/\/www.plongee-plaisir.com\/fr\/produit\/les-grands-equilibres\/"]}]},{"@type":"ImageObject","inLanguage":"fr-FR","@id":"https:\/\/www.plongee-plaisir.com\/fr\/produit\/les-grands-equilibres\/#primaryimage","url":"https:\/\/www.plongee-plaisir.com\/fr\/wp-content\/uploads\/2022\/02\/les-grands-equilibres.jpg","contentUrl":"https:\/\/www.plongee-plaisir.com\/fr\/wp-content\/uploads\/2022\/02\/les-grands-equilibres.jpg","width":600,"height":898},{"@type":"BreadcrumbList","@id":"https:\/\/www.plongee-plaisir.com\/fr\/produit\/les-grands-equilibres\/#breadcrumb","itemListElement":[{"@type":"ListItem","position":1,"name":"Accueil","item":"https:\/\/www.plongee-plaisir.com\/fr\/"},{"@type":"ListItem","position":2,"name":"Les grands \u00e9quilibres"}]},{"@type":"WebSite","@id":"https:\/\/www.plongee-plaisir.com\/fr\/#website","url":"https:\/\/www.plongee-plaisir.com\/fr\/","name":"Plong\u00e9e Plaisir, site officiel","description":"Apprendre \u00e0 plonger - Learning to dive","potentialAction":[{"@type":"SearchAction","target":{"@type":"EntryPoint","urlTemplate":"https:\/\/www.plongee-plaisir.com\/fr\/?s={search_term_string}"},"query-input":{"@type":"PropertyValueSpecification","valueRequired":true,"valueName":"search_term_string"}}],"inLanguage":"fr-FR"}]}},"uagb_featured_image_src":{"full":["https:\/\/www.plongee-plaisir.com\/fr\/wp-content\/uploads\/2022\/02\/les-grands-equilibres.jpg",600,898,false],"thumbnail":["https:\/\/www.plongee-plaisir.com\/fr\/wp-content\/uploads\/2022\/02\/les-grands-equilibres-150x150.jpg",150,150,true],"medium":["https:\/\/www.plongee-plaisir.com\/fr\/wp-content\/uploads\/2022\/02\/les-grands-equilibres-200x300.jpg",200,300,true],"medium_large":["https:\/\/www.plongee-plaisir.com\/fr\/wp-content\/uploads\/2022\/02\/les-grands-equilibres.jpg",600,898,false],"large":["https:\/\/www.plongee-plaisir.com\/fr\/wp-content\/uploads\/2022\/02\/les-grands-equilibres.jpg",600,898,false],"1536x1536":["https:\/\/www.plongee-plaisir.com\/fr\/wp-content\/uploads\/2022\/02\/les-grands-equilibres.jpg",600,898,false],"2048x2048":["https:\/\/www.plongee-plaisir.com\/fr\/wp-content\/uploads\/2022\/02\/les-grands-equilibres.jpg",600,898,false],"featured-content":["https:\/\/www.plongee-plaisir.com\/fr\/wp-content\/uploads\/2022\/02\/les-grands-equilibres-600x800.jpg",600,800,true],"author-pro-image":["https:\/\/www.plongee-plaisir.com\/fr\/wp-content\/uploads\/2022\/02\/les-grands-equilibres-360x570.jpg",360,570,true],"tb-timeline-landscape":["https:\/\/www.plongee-plaisir.com\/fr\/wp-content\/uploads\/2022\/02\/les-grands-equilibres-600x400.jpg",600,400,true],"tb-timeline-square":["https:\/\/www.plongee-plaisir.com\/fr\/wp-content\/uploads\/2022\/02\/les-grands-equilibres-600x600.jpg",600,600,true],"ultp_layout_landscape_large":["https:\/\/www.plongee-plaisir.com\/fr\/wp-content\/uploads\/2022\/02\/les-grands-equilibres-600x800.jpg",600,800,true],"ultp_layout_landscape":["https:\/\/www.plongee-plaisir.com\/fr\/wp-content\/uploads\/2022\/02\/les-grands-equilibres-600x570.jpg",600,570,true],"ultp_layout_portrait":["https:\/\/www.plongee-plaisir.com\/fr\/wp-content\/uploads\/2022\/02\/les-grands-equilibres.jpg",600,898,false],"ultp_layout_square":["https:\/\/www.plongee-plaisir.com\/fr\/wp-content\/uploads\/2022\/02\/les-grands-equilibres-600x600.jpg",600,600,true],"vp_sm":["https:\/\/www.plongee-plaisir.com\/fr\/wp-content\/uploads\/2022\/02\/les-grands-equilibres.jpg",500,748,false],"vp_md":["https:\/\/www.plongee-plaisir.com\/fr\/wp-content\/uploads\/2022\/02\/les-grands-equilibres.jpg",600,898,false],"vp_lg":["https:\/\/www.plongee-plaisir.com\/fr\/wp-content\/uploads\/2022\/02\/les-grands-equilibres.jpg",600,898,false],"vp_xl":["https:\/\/www.plongee-plaisir.com\/fr\/wp-content\/uploads\/2022\/02\/les-grands-equilibres.jpg",600,898,false],"vp_sm_popup":["https:\/\/www.plongee-plaisir.com\/fr\/wp-content\/uploads\/2022\/02\/les-grands-equilibres.jpg",500,748,false],"vp_md_popup":["https:\/\/www.plongee-plaisir.com\/fr\/wp-content\/uploads\/2022\/02\/les-grands-equilibres.jpg",600,898,false],"vp_xl_popup":["https:\/\/www.plongee-plaisir.com\/fr\/wp-content\/uploads\/2022\/02\/les-grands-equilibres.jpg",600,898,false],"gb-block-post-grid-landscape":["https:\/\/www.plongee-plaisir.com\/fr\/wp-content\/uploads\/2022\/02\/les-grands-equilibres-600x400.jpg",600,400,true],"gb-block-post-grid-square":["https:\/\/www.plongee-plaisir.com\/fr\/wp-content\/uploads\/2022\/02\/les-grands-equilibres-600x600.jpg",600,600,true],"woocommerce_thumbnail":["https:\/\/www.plongee-plaisir.com\/fr\/wp-content\/uploads\/2022\/02\/les-grands-equilibres-300x449.jpg",300,449,true],"woocommerce_single":["https:\/\/www.plongee-plaisir.com\/fr\/wp-content\/uploads\/2022\/02\/les-grands-equilibres.jpg",600,898,false],"woocommerce_gallery_thumbnail":["https:\/\/www.plongee-plaisir.com\/fr\/wp-content\/uploads\/2022\/02\/les-grands-equilibres-100x100.jpg",100,100,true],"web-stories-poster-portrait":["https:\/\/www.plongee-plaisir.com\/fr\/wp-content\/uploads\/2022\/02\/les-grands-equilibres.jpg",570,853,false],"web-stories-publisher-logo":["https:\/\/www.plongee-plaisir.com\/fr\/wp-content\/uploads\/2022\/02\/les-grands-equilibres.jpg",64,96,false],"web-stories-thumbnail":["https:\/\/www.plongee-plaisir.com\/fr\/wp-content\/uploads\/2022\/02\/les-grands-equilibres.jpg",150,225,false],"sow-carousel-default":["https:\/\/www.plongee-plaisir.com\/fr\/wp-content\/uploads\/2022\/02\/les-grands-equilibres-272x182.jpg",272,182,true]},"uagb_author_info":{"display_name":"Alain Foret","author_link":"https:\/\/www.plongee-plaisir.com\/fr\/author\/plongeeplaisir\/"},"uagb_comment_info":0,"uagb_excerpt":"L\u2019Oc\u00e9an occupe 71% de la surface de la plan\u00e8te Terre. Au-del\u00e0 de sa surface, les plongeurs savent bien que l\u2019Oc\u00e9an est un volume. Ce volume, source de la vie sur Terre, est un formidable r\u00e9gulateur de la temp\u00e9rature, de sa salinit\u00e9, de l\u2019oxyg\u00e8ne atmosph\u00e9rique (cycle de l\u2019O2 libre), du gaz carbonique (cycle du CO2, avec\u2026","featured_img":"https:\/\/www.plongee-plaisir.com\/fr\/wp-content\/uploads\/2022\/02\/les-grands-equilibres.jpg","coauthors":[],"author_meta":{"author_link":"https:\/\/www.plongee-plaisir.com\/fr\/author\/plongeeplaisir\/","display_name":"Alain Foret"},"relative_dates":{"created":"Publi\u00e9 4 ans il y a","modified":"Mis \u00e0 jour 3 ans il y a"},"absolute_dates":{"created":"Publi\u00e9 le 11 f\u00e9vrier 2022","modified":"Mise \u00e0 jour le 7 d\u00e9cembre 2022"},"absolute_dates_time":{"created":"Publi\u00e9 le 11 f\u00e9vrier 2022 18 h 03 min","modified":"Mise \u00e0 jour le 7 d\u00e9cembre 2022 22 h 37 min"},"featured_img_caption":"","tax_additional":{"product_brand":{"linked":[],"unlinked":[],"slug":"product_brand","name":"Marques"},"product_type":{"linked":["<a href=\"https:\/\/www.plongee-plaisir.com\/fr\/?taxonomy=product_type&#038;term=simple\" class=\"advgb-post-tax-term\">simple<\/a>"],"unlinked":["<span class=\"advgb-post-tax-term\">simple<\/span>"],"slug":"product_type","name":"Type de produit"},"product_visibility":{"linked":[],"unlinked":[],"slug":"product_visibility","name":"Visibilit\u00e9 du produit"},"product_cat":{"linked":["<a href=\"https:\/\/www.plongee-plaisir.com\/fr\/categorie-produit\/amphitheatre\/\" class=\"advgb-post-tax-term\">Amphith\u00e9\u00e2tre<\/a>","<a href=\"https:\/\/www.plongee-plaisir.com\/fr\/categorie-produit\/amphitheatre-conferences\/\" class=\"advgb-post-tax-term\">Amphith\u00e9\u00e2tre - Conf\u00e9rences<\/a>"],"unlinked":["<span class=\"advgb-post-tax-term\">Amphith\u00e9\u00e2tre<\/span>","<span class=\"advgb-post-tax-term\">Amphith\u00e9\u00e2tre - Conf\u00e9rences<\/span>"],"slug":"product_cat","name":"Cat\u00e9gories de produits"},"product_tag":{"linked":[],"unlinked":[],"slug":"product_tag","name":"\u00c9tiquettes produit"},"product_shipping_class":{"linked":[],"unlinked":[],"slug":"product_shipping_class","name":"Classe d\u2019exp\u00e9dition du produit"},"pos_product_visibility":{"linked":[],"unlinked":[],"slug":"pos_product_visibility","name":"Visibilit\u00e9 du produit sur le point de vente"}},"series_order":"","_links":{"self":[{"href":"https:\/\/www.plongee-plaisir.com\/fr\/wp-json\/wp\/v2\/product\/54579","targetHints":{"allow":["GET"]}}],"collection":[{"href":"https:\/\/www.plongee-plaisir.com\/fr\/wp-json\/wp\/v2\/product"}],"about":[{"href":"https:\/\/www.plongee-plaisir.com\/fr\/wp-json\/wp\/v2\/types\/product"}],"wp:featuredmedia":[{"embeddable":true,"href":"https:\/\/www.plongee-plaisir.com\/fr\/wp-json\/wp\/v2\/media\/54580"}],"wp:attachment":[{"href":"https:\/\/www.plongee-plaisir.com\/fr\/wp-json\/wp\/v2\/media?parent=54579"}],"wp:term":[{"taxonomy":"product_brand","embeddable":true,"href":"https:\/\/www.plongee-plaisir.com\/fr\/wp-json\/wp\/v2\/product_brand?post=54579"},{"taxonomy":"product_cat","embeddable":true,"href":"https:\/\/www.plongee-plaisir.com\/fr\/wp-json\/wp\/v2\/product_cat?post=54579"},{"taxonomy":"product_tag","embeddable":true,"href":"https:\/\/www.plongee-plaisir.com\/fr\/wp-json\/wp\/v2\/product_tag?post=54579"}],"curies":[{"name":"wp","href":"https:\/\/api.w.org\/{rel}","templated":true}]}}