{"id":54880,"date":"2022-02-25T09:46:35","date_gmt":"2022-02-25T08:46:35","guid":{"rendered":"https:\/\/www.plongee-plaisir.com\/fr\/?post_type=product&#038;p=54880"},"modified":"2022-12-07T22:36:08","modified_gmt":"2022-12-07T21:36:08","slug":"nombre-de-plongees-par-24-h","status":"publish","type":"product","link":"https:\/\/www.plongee-plaisir.com\/fr\/produit\/nombre-de-plongees-par-24-h\/","title":{"rendered":"Nombre de plong\u00e9es par 24 h"},"content":{"rendered":"<div class=\"eMember_protected_message\">S&rsquo;il vous plait <a href=\"https:\/\/www.plongee-plaisir.com\/fr\/produit\/nombre-de-plongees-par-24-h\/?event=login\">Connexion - Login<\/a> Pour voir ce contenu. <span class=\"eMember_not_a_member_msg\">(Pas encore membre ? <a href=\"https:\/\/www.plongee-plaisir.com\/fr\/join-us\/registration\/\">Adh&eacute;rez maintenant !<\/a>)<\/span><\/div>","protected":false},"excerpt":{"rendered":"<p>S&rsquo;il vous plait Connexion &#8211; Login Pour voir ce contenu. (Pas encore membre ? Adh&eacute;rez maintenant !)<\/p>\n","protected":false},"author":4,"featured_media":54883,"template":"","meta":{"_crdt_document":"","_uag_custom_page_level_css":"","advgb_blocks_editor_width":"","advgb_blocks_columns_visual_guide":"","_genesis_hide_title":false,"_genesis_hide_breadcrumbs":false,"_genesis_hide_singular_image":false,"_genesis_hide_footer_widgets":false,"_genesis_custom_body_class":"","_genesis_custom_post_class":"","_genesis_layout":"","_vp_format_video_url":"","_vp_image_focal_point":[]},"product_brand":[],"product_cat":[293,367],"product_tag":[],"class_list":{"0":"post-54880","1":"product","2":"type-product","3":"status-publish","4":"has-post-thumbnail","6":"product_cat-amphitheatre","7":"product_cat-amphitheatre-conferences","8":"entry","10":"first","11":"instock","12":"virtual","13":"sold-individually","14":"taxable","15":"purchasable","16":"product-type-simple"},"yoast_head":"<!-- This site is optimized with the Yoast SEO plugin v27.5 - https:\/\/yoast.com\/product\/yoast-seo-wordpress\/ -->\n<title>Nombre de plong\u00e9es par 24 h - Plong\u00e9e Plaisir, site officiel<\/title>\n<meta name=\"description\" content=\"L&#039;absence de mod\u00e9lisation r\u00e9elle des plong\u00e9es successives conduit \u00e0 s&#039;interroger sur les risques pris avec plus de 2 plong\u00e9es par jour.\" \/>\n<meta name=\"robots\" content=\"index, follow, max-snippet:-1, max-image-preview:large, max-video-preview:-1\" \/>\n<link rel=\"canonical\" href=\"https:\/\/www.plongee-plaisir.com\/fr\/produit\/nombre-de-plongees-par-24-h\/\" \/>\n<meta property=\"og:locale\" content=\"fr_FR\" \/>\n<meta property=\"og:type\" content=\"article\" \/>\n<meta property=\"og:title\" content=\"Nombre de plong\u00e9es par 24 h - Plong\u00e9e Plaisir, site officiel\" \/>\n<meta property=\"og:description\" content=\"L&#039;absence de mod\u00e9lisation r\u00e9elle des plong\u00e9es successives conduit \u00e0 s&#039;interroger sur les risques pris avec plus de 2 plong\u00e9es par jour.\" \/>\n<meta property=\"og:url\" content=\"https:\/\/www.plongee-plaisir.com\/fr\/produit\/nombre-de-plongees-par-24-h\/\" \/>\n<meta property=\"og:site_name\" content=\"Plong\u00e9e Plaisir, site officiel\" \/>\n<meta property=\"article:modified_time\" content=\"2022-12-07T21:36:08+00:00\" \/>\n<meta property=\"og:image\" content=\"https:\/\/www.plongee-plaisir.com\/fr\/wp-content\/uploads\/2022\/02\/plongee-24h-400b.jpg\" \/>\n\t<meta property=\"og:image:width\" content=\"400\" \/>\n\t<meta property=\"og:image:height\" content=\"599\" \/>\n\t<meta property=\"og:image:type\" content=\"image\/jpeg\" \/>\n<meta name=\"twitter:card\" content=\"summary_large_image\" \/>\n<meta name=\"twitter:label1\" content=\"Dur\u00e9e de lecture estim\u00e9e\" \/>\n\t<meta name=\"twitter:data1\" content=\"2 minutes\" \/>\n<script type=\"application\/ld+json\" class=\"yoast-schema-graph\">{\"@context\":\"https:\\\/\\\/schema.org\",\"@graph\":[{\"@type\":\"WebPage\",\"@id\":\"https:\\\/\\\/www.plongee-plaisir.com\\\/fr\\\/produit\\\/nombre-de-plongees-par-24-h\\\/\",\"url\":\"https:\\\/\\\/www.plongee-plaisir.com\\\/fr\\\/produit\\\/nombre-de-plongees-par-24-h\\\/\",\"name\":\"Nombre de plong\u00e9es par 24 h - Plong\u00e9e Plaisir, site officiel\",\"isPartOf\":{\"@id\":\"https:\\\/\\\/www.plongee-plaisir.com\\\/fr\\\/#website\"},\"primaryImageOfPage\":{\"@id\":\"https:\\\/\\\/www.plongee-plaisir.com\\\/fr\\\/produit\\\/nombre-de-plongees-par-24-h\\\/#primaryimage\"},\"image\":{\"@id\":\"https:\\\/\\\/www.plongee-plaisir.com\\\/fr\\\/produit\\\/nombre-de-plongees-par-24-h\\\/#primaryimage\"},\"thumbnailUrl\":\"https:\\\/\\\/www.plongee-plaisir.com\\\/fr\\\/wp-content\\\/uploads\\\/2022\\\/02\\\/plongee-24h-400b.jpg\",\"datePublished\":\"2022-02-25T08:46:35+00:00\",\"dateModified\":\"2022-12-07T21:36:08+00:00\",\"description\":\"L'absence de mod\u00e9lisation r\u00e9elle des plong\u00e9es successives conduit \u00e0 s'interroger sur les risques pris avec plus de 2 plong\u00e9es par jour.\",\"breadcrumb\":{\"@id\":\"https:\\\/\\\/www.plongee-plaisir.com\\\/fr\\\/produit\\\/nombre-de-plongees-par-24-h\\\/#breadcrumb\"},\"inLanguage\":\"fr-FR\",\"potentialAction\":[{\"@type\":\"ReadAction\",\"target\":[\"https:\\\/\\\/www.plongee-plaisir.com\\\/fr\\\/produit\\\/nombre-de-plongees-par-24-h\\\/\"]}]},{\"@type\":\"ImageObject\",\"inLanguage\":\"fr-FR\",\"@id\":\"https:\\\/\\\/www.plongee-plaisir.com\\\/fr\\\/produit\\\/nombre-de-plongees-par-24-h\\\/#primaryimage\",\"url\":\"https:\\\/\\\/www.plongee-plaisir.com\\\/fr\\\/wp-content\\\/uploads\\\/2022\\\/02\\\/plongee-24h-400b.jpg\",\"contentUrl\":\"https:\\\/\\\/www.plongee-plaisir.com\\\/fr\\\/wp-content\\\/uploads\\\/2022\\\/02\\\/plongee-24h-400b.jpg\",\"width\":400,\"height\":599},{\"@type\":\"BreadcrumbList\",\"@id\":\"https:\\\/\\\/www.plongee-plaisir.com\\\/fr\\\/produit\\\/nombre-de-plongees-par-24-h\\\/#breadcrumb\",\"itemListElement\":[{\"@type\":\"ListItem\",\"position\":1,\"name\":\"Accueil\",\"item\":\"https:\\\/\\\/www.plongee-plaisir.com\\\/fr\\\/\"},{\"@type\":\"ListItem\",\"position\":2,\"name\":\"Nombre de plong\u00e9es par 24 h\"}]},{\"@type\":\"WebSite\",\"@id\":\"https:\\\/\\\/www.plongee-plaisir.com\\\/fr\\\/#website\",\"url\":\"https:\\\/\\\/www.plongee-plaisir.com\\\/fr\\\/\",\"name\":\"Plong\u00e9e Plaisir, site officiel\",\"description\":\"Apprendre \u00e0 plonger - Learning to dive\",\"potentialAction\":[{\"@type\":\"SearchAction\",\"target\":{\"@type\":\"EntryPoint\",\"urlTemplate\":\"https:\\\/\\\/www.plongee-plaisir.com\\\/fr\\\/?s={search_term_string}\"},\"query-input\":{\"@type\":\"PropertyValueSpecification\",\"valueRequired\":true,\"valueName\":\"search_term_string\"}}],\"inLanguage\":\"fr-FR\"}]}<\/script>\n<!-- \/ Yoast SEO plugin. -->","yoast_head_json":{"title":"Nombre de plong\u00e9es par 24 h - Plong\u00e9e Plaisir, site officiel","description":"L'absence de mod\u00e9lisation r\u00e9elle des plong\u00e9es successives conduit \u00e0 s'interroger sur les risques pris avec plus de 2 plong\u00e9es par jour.","robots":{"index":"index","follow":"follow","max-snippet":"max-snippet:-1","max-image-preview":"max-image-preview:large","max-video-preview":"max-video-preview:-1"},"canonical":"https:\/\/www.plongee-plaisir.com\/fr\/produit\/nombre-de-plongees-par-24-h\/","og_locale":"fr_FR","og_type":"article","og_title":"Nombre de plong\u00e9es par 24 h - Plong\u00e9e Plaisir, site officiel","og_description":"L'absence de mod\u00e9lisation r\u00e9elle des plong\u00e9es successives conduit \u00e0 s'interroger sur les risques pris avec plus de 2 plong\u00e9es par jour.","og_url":"https:\/\/www.plongee-plaisir.com\/fr\/produit\/nombre-de-plongees-par-24-h\/","og_site_name":"Plong\u00e9e Plaisir, site officiel","article_modified_time":"2022-12-07T21:36:08+00:00","og_image":[{"width":400,"height":599,"url":"https:\/\/www.plongee-plaisir.com\/fr\/wp-content\/uploads\/2022\/02\/plongee-24h-400b.jpg","type":"image\/jpeg"}],"twitter_card":"summary_large_image","twitter_misc":{"Dur\u00e9e de lecture estim\u00e9e":"2 minutes"},"schema":{"@context":"https:\/\/schema.org","@graph":[{"@type":"WebPage","@id":"https:\/\/www.plongee-plaisir.com\/fr\/produit\/nombre-de-plongees-par-24-h\/","url":"https:\/\/www.plongee-plaisir.com\/fr\/produit\/nombre-de-plongees-par-24-h\/","name":"Nombre de plong\u00e9es par 24 h - Plong\u00e9e Plaisir, site officiel","isPartOf":{"@id":"https:\/\/www.plongee-plaisir.com\/fr\/#website"},"primaryImageOfPage":{"@id":"https:\/\/www.plongee-plaisir.com\/fr\/produit\/nombre-de-plongees-par-24-h\/#primaryimage"},"image":{"@id":"https:\/\/www.plongee-plaisir.com\/fr\/produit\/nombre-de-plongees-par-24-h\/#primaryimage"},"thumbnailUrl":"https:\/\/www.plongee-plaisir.com\/fr\/wp-content\/uploads\/2022\/02\/plongee-24h-400b.jpg","datePublished":"2022-02-25T08:46:35+00:00","dateModified":"2022-12-07T21:36:08+00:00","description":"L'absence de mod\u00e9lisation r\u00e9elle des plong\u00e9es successives conduit \u00e0 s'interroger sur les risques pris avec plus de 2 plong\u00e9es par jour.","breadcrumb":{"@id":"https:\/\/www.plongee-plaisir.com\/fr\/produit\/nombre-de-plongees-par-24-h\/#breadcrumb"},"inLanguage":"fr-FR","potentialAction":[{"@type":"ReadAction","target":["https:\/\/www.plongee-plaisir.com\/fr\/produit\/nombre-de-plongees-par-24-h\/"]}]},{"@type":"ImageObject","inLanguage":"fr-FR","@id":"https:\/\/www.plongee-plaisir.com\/fr\/produit\/nombre-de-plongees-par-24-h\/#primaryimage","url":"https:\/\/www.plongee-plaisir.com\/fr\/wp-content\/uploads\/2022\/02\/plongee-24h-400b.jpg","contentUrl":"https:\/\/www.plongee-plaisir.com\/fr\/wp-content\/uploads\/2022\/02\/plongee-24h-400b.jpg","width":400,"height":599},{"@type":"BreadcrumbList","@id":"https:\/\/www.plongee-plaisir.com\/fr\/produit\/nombre-de-plongees-par-24-h\/#breadcrumb","itemListElement":[{"@type":"ListItem","position":1,"name":"Accueil","item":"https:\/\/www.plongee-plaisir.com\/fr\/"},{"@type":"ListItem","position":2,"name":"Nombre de plong\u00e9es par 24 h"}]},{"@type":"WebSite","@id":"https:\/\/www.plongee-plaisir.com\/fr\/#website","url":"https:\/\/www.plongee-plaisir.com\/fr\/","name":"Plong\u00e9e Plaisir, site officiel","description":"Apprendre \u00e0 plonger - Learning to dive","potentialAction":[{"@type":"SearchAction","target":{"@type":"EntryPoint","urlTemplate":"https:\/\/www.plongee-plaisir.com\/fr\/?s={search_term_string}"},"query-input":{"@type":"PropertyValueSpecification","valueRequired":true,"valueName":"search_term_string"}}],"inLanguage":"fr-FR"}]}},"uagb_featured_image_src":{"full":["https:\/\/www.plongee-plaisir.com\/fr\/wp-content\/uploads\/2022\/02\/plongee-24h-400b.jpg",400,599,false],"thumbnail":["https:\/\/www.plongee-plaisir.com\/fr\/wp-content\/uploads\/2022\/02\/plongee-24h-400b-150x150.jpg",150,150,true],"medium":["https:\/\/www.plongee-plaisir.com\/fr\/wp-content\/uploads\/2022\/02\/plongee-24h-400b-200x300.jpg",200,300,true],"medium_large":["https:\/\/www.plongee-plaisir.com\/fr\/wp-content\/uploads\/2022\/02\/plongee-24h-400b.jpg",400,599,false],"large":["https:\/\/www.plongee-plaisir.com\/fr\/wp-content\/uploads\/2022\/02\/plongee-24h-400b.jpg",400,599,false],"1536x1536":["https:\/\/www.plongee-plaisir.com\/fr\/wp-content\/uploads\/2022\/02\/plongee-24h-400b.jpg",400,599,false],"2048x2048":["https:\/\/www.plongee-plaisir.com\/fr\/wp-content\/uploads\/2022\/02\/plongee-24h-400b.jpg",400,599,false],"featured-content":["https:\/\/www.plongee-plaisir.com\/fr\/wp-content\/uploads\/2022\/02\/plongee-24h-400b.jpg",400,599,false],"author-pro-image":["https:\/\/www.plongee-plaisir.com\/fr\/wp-content\/uploads\/2022\/02\/plongee-24h-400b-360x570.jpg",360,570,true],"tb-timeline-landscape":["https:\/\/www.plongee-plaisir.com\/fr\/wp-content\/uploads\/2022\/02\/plongee-24h-400b-400x400.jpg",400,400,true],"tb-timeline-square":["https:\/\/www.plongee-plaisir.com\/fr\/wp-content\/uploads\/2022\/02\/plongee-24h-400b.jpg",400,599,false],"ultp_layout_landscape_large":["https:\/\/www.plongee-plaisir.com\/fr\/wp-content\/uploads\/2022\/02\/plongee-24h-400b.jpg",400,599,false],"ultp_layout_landscape":["https:\/\/www.plongee-plaisir.com\/fr\/wp-content\/uploads\/2022\/02\/plongee-24h-400b-400x570.jpg",400,570,true],"ultp_layout_portrait":["https:\/\/www.plongee-plaisir.com\/fr\/wp-content\/uploads\/2022\/02\/plongee-24h-400b.jpg",400,599,false],"ultp_layout_square":["https:\/\/www.plongee-plaisir.com\/fr\/wp-content\/uploads\/2022\/02\/plongee-24h-400b.jpg",400,599,false],"vp_sm":["https:\/\/www.plongee-plaisir.com\/fr\/wp-content\/uploads\/2022\/02\/plongee-24h-400b.jpg",400,599,false],"vp_md":["https:\/\/www.plongee-plaisir.com\/fr\/wp-content\/uploads\/2022\/02\/plongee-24h-400b.jpg",400,599,false],"vp_lg":["https:\/\/www.plongee-plaisir.com\/fr\/wp-content\/uploads\/2022\/02\/plongee-24h-400b.jpg",400,599,false],"vp_xl":["https:\/\/www.plongee-plaisir.com\/fr\/wp-content\/uploads\/2022\/02\/plongee-24h-400b.jpg",400,599,false],"vp_sm_popup":["https:\/\/www.plongee-plaisir.com\/fr\/wp-content\/uploads\/2022\/02\/plongee-24h-400b.jpg",400,599,false],"vp_md_popup":["https:\/\/www.plongee-plaisir.com\/fr\/wp-content\/uploads\/2022\/02\/plongee-24h-400b.jpg",400,599,false],"vp_xl_popup":["https:\/\/www.plongee-plaisir.com\/fr\/wp-content\/uploads\/2022\/02\/plongee-24h-400b.jpg",400,599,false],"gb-block-post-grid-landscape":["https:\/\/www.plongee-plaisir.com\/fr\/wp-content\/uploads\/2022\/02\/plongee-24h-400b-400x400.jpg",400,400,true],"gb-block-post-grid-square":["https:\/\/www.plongee-plaisir.com\/fr\/wp-content\/uploads\/2022\/02\/plongee-24h-400b.jpg",400,599,false],"woocommerce_thumbnail":["https:\/\/www.plongee-plaisir.com\/fr\/wp-content\/uploads\/2022\/02\/plongee-24h-400b-300x449.jpg",300,449,true],"woocommerce_single":["https:\/\/www.plongee-plaisir.com\/fr\/wp-content\/uploads\/2022\/02\/plongee-24h-400b.jpg",400,599,false],"woocommerce_gallery_thumbnail":["https:\/\/www.plongee-plaisir.com\/fr\/wp-content\/uploads\/2022\/02\/plongee-24h-400b-100x100.jpg",100,100,true],"sow-carousel-default":["https:\/\/www.plongee-plaisir.com\/fr\/wp-content\/uploads\/2022\/02\/plongee-24h-400b-272x182.jpg",272,182,true]},"uagb_author_info":{"display_name":"Alain Foret","author_link":"https:\/\/www.plongee-plaisir.com\/fr\/author\/plongeeplaisir\/"},"uagb_comment_info":0,"uagb_excerpt":"S&rsquo;il vous plait Connexion - Login Pour voir ce contenu. (Pas encore membre ? Adh&eacute;rez maintenant !)","featured_img":"https:\/\/www.plongee-plaisir.com\/fr\/wp-content\/uploads\/2022\/02\/plongee-24h-400b.jpg","coauthors":[],"author_meta":{"author_link":"https:\/\/www.plongee-plaisir.com\/fr\/author\/plongeeplaisir\/","display_name":"Alain Foret"},"relative_dates":{"created":"Publi\u00e9 4 ans il y a","modified":"Mis \u00e0 jour 3 ans il y a"},"absolute_dates":{"created":"Publi\u00e9 le 25 f\u00e9vrier 2022","modified":"Mise \u00e0 jour le 7 d\u00e9cembre 2022"},"absolute_dates_time":{"created":"Publi\u00e9 le 25 f\u00e9vrier 2022 9 h 46 min","modified":"Mise \u00e0 jour le 7 d\u00e9cembre 2022 22 h 36 min"},"featured_img_caption":"","tax_additional":{"product_brand":{"linked":[],"unlinked":[],"slug":"product_brand","name":"Marques"},"product_type":{"linked":["<a href=\"https:\/\/www.plongee-plaisir.com\/fr\/?taxonomy=product_type&#038;term=simple\" class=\"advgb-post-tax-term\">simple<\/a>"],"unlinked":["<span class=\"advgb-post-tax-term\">simple<\/span>"],"slug":"product_type","name":"Type de produit"},"product_visibility":{"linked":[],"unlinked":[],"slug":"product_visibility","name":"Visibilit\u00e9 du produit"},"product_cat":{"linked":["<a href=\"https:\/\/www.plongee-plaisir.com\/fr\/categorie-produit\/amphitheatre\/\" class=\"advgb-post-tax-term\">Amphith\u00e9\u00e2tre<\/a>","<a href=\"https:\/\/www.plongee-plaisir.com\/fr\/categorie-produit\/amphitheatre-conferences\/\" class=\"advgb-post-tax-term\">Amphith\u00e9\u00e2tre - Conf\u00e9rences<\/a>"],"unlinked":["<span class=\"advgb-post-tax-term\">Amphith\u00e9\u00e2tre<\/span>","<span class=\"advgb-post-tax-term\">Amphith\u00e9\u00e2tre - Conf\u00e9rences<\/span>"],"slug":"product_cat","name":"Cat\u00e9gories de produits"},"product_tag":{"linked":[],"unlinked":[],"slug":"product_tag","name":"\u00c9tiquettes produit"},"product_shipping_class":{"linked":[],"unlinked":[],"slug":"product_shipping_class","name":"Classe d\u2019exp\u00e9dition du produit"},"pos_product_visibility":{"linked":[],"unlinked":[],"slug":"pos_product_visibility","name":"Visibilit\u00e9 du produit sur le point de vente"}},"series_order":"","_links":{"self":[{"href":"https:\/\/www.plongee-plaisir.com\/fr\/wp-json\/wp\/v2\/product\/54880","targetHints":{"allow":["GET"]}}],"collection":[{"href":"https:\/\/www.plongee-plaisir.com\/fr\/wp-json\/wp\/v2\/product"}],"about":[{"href":"https:\/\/www.plongee-plaisir.com\/fr\/wp-json\/wp\/v2\/types\/product"}],"wp:featuredmedia":[{"embeddable":true,"href":"https:\/\/www.plongee-plaisir.com\/fr\/wp-json\/wp\/v2\/media\/54883"}],"wp:attachment":[{"href":"https:\/\/www.plongee-plaisir.com\/fr\/wp-json\/wp\/v2\/media?parent=54880"}],"wp:term":[{"taxonomy":"product_brand","embeddable":true,"href":"https:\/\/www.plongee-plaisir.com\/fr\/wp-json\/wp\/v2\/product_brand?post=54880"},{"taxonomy":"product_cat","embeddable":true,"href":"https:\/\/www.plongee-plaisir.com\/fr\/wp-json\/wp\/v2\/product_cat?post=54880"},{"taxonomy":"product_tag","embeddable":true,"href":"https:\/\/www.plongee-plaisir.com\/fr\/wp-json\/wp\/v2\/product_tag?post=54880"}],"curies":[{"name":"wp","href":"https:\/\/api.w.org\/{rel}","templated":true}]}}