{"id":55096,"date":"2022-03-05T17:36:26","date_gmt":"2022-03-05T16:36:26","guid":{"rendered":"https:\/\/www.plongee-plaisir.com\/fr\/?post_type=product&#038;p=55096"},"modified":"2023-11-20T10:18:19","modified_gmt":"2023-11-20T09:18:19","slug":"equipements-protection-individuelle-plongee","status":"publish","type":"product","link":"https:\/\/www.plongee-plaisir.com\/fr\/produit\/equipements-protection-individuelle-plongee\/","title":{"rendered":"Les \u00c9quipements de Protection Individuelle (EPI) en plong\u00e9e"},"content":{"rendered":"<p>LES \u00c9QUIPEMENTS DE PROTECTION INDIVIDUELLE EN PLONG\u00c9E<\/p>\n<p>Pr\u00e9alable : Aucun<\/p>\n<p>Format : vid\u00e9o, streaming<\/p>\n<p>Dur\u00e9e\u00a0: 30 min<\/p>\n<p>Intervenant : Alain Foret (BEES2\/DESJEPS, auteur des livres et supports p\u00e9dagogiques\u00a0<em>Plong\u00e9e Plaisir<\/em>)<\/p>\n<p>Apr\u00e8s commande, vous recevez dans les 5 minutes (pensez \u00e0 consulter vos courriers ind\u00e9sirables ou \u00ab\u00a0spams\u00a0\u00bb) :<\/p>\n<ul>\n<li>Un e-mail de confirmation de votre commande avec le code d&rsquo;acc\u00e8s \u00e0 la vid\u00e9o.\u00a0<strong>Ce code est personnel<\/strong>.<\/li>\n<li>Une facture au format pdf (pour les produits gratuits : facture \u00e0 z\u00e9ro).<\/li>\n<\/ul>\n<h2>PR\u00c9SENTATION<\/h2>\n<p>Le r\u00e8glement europ\u00e9en UE 2016\/425, d\u2019application directe et obligatoire au sein des \u00e9tats membres de l\u2019Union Europ\u00e9enne, concerne la <strong>conception et la fabrication <\/strong>des Equipements de Protection Individuelle (<strong>EPI Conception<\/strong>).<\/p>\n<p>Il rend le <strong>marquage CE obligatoire<\/strong>, ce qui permet la libre circulation de ces \u00e9quipements au sein de l\u2019UE.<\/p>\n<p>Le r\u00e8glement UE 2016\/425 fait obligation aux Etats membres de l\u2019UE de ne pas faire obstacle \u00e0 la mise \u00e0 disposition des EPI conformes (\u00abmarquage CE\u00bb) : <em>1. Les Etats membres n\u2019emp\u00eachent pas, pour les aspects relevant du pr\u00e9sent r\u00e8glement, la mise \u00e0 disposition sur le march\u00e9 d\u2019EPI qui sont conformes.<\/em> (article 7).<\/p>\n<p>L\u2019article 6 d\u00e9fini cependant une plage de libert\u00e9 d\u2019action des Etats : \u00ab <em>Le pr\u00e9sent r\u00e8glement ne porte pas atteinte \u00e0 la facult\u00e9 des Etats membres d\u2019\u00e9tablir, en particulier dans le cadre de la mise en oeuvre de la directive 89\/656\/CEE, des exigences concernant l\u2019utilisation des EPI, pour autant que ces exigences n\u2019affectent pas la conception des EPI qui sont mis sur le march\u00e9 conform\u00e9ment au pr\u00e9sent r\u00e8glement.<\/em> \u00bb<br \/>\nC\u2019est ainsi que la r\u00e8glementation fran\u00e7aise a utilis\u00e9 ces facult\u00e9s d\u2019adaptation pour exiger des fiches de gestion pour certains EPI (pas tous ceux qui doivent \u00eatre marqu\u00e9s CE) lorsqu\u2019ils sont pr\u00eat\u00e9s ou lou\u00e9s.<\/p>\n<p>Selon le public vis\u00e9, ces EPI sont list\u00e9s :<\/p>\n<ul>\n<li>dans le code du sport (pratiquants et encadrants, <strong>EPI Sport-Loisirs<\/strong> ou <strong>EPI-SL<\/strong>) ;<\/li>\n<li>dans le code du travail (travailleurs hyperbares salari\u00e9s, <strong>EPI de travail<\/strong>).<\/li>\n<\/ul>\n<p><strong>PROGRAMME<\/strong><\/p>\n<ul>\n<li>R\u00e8glement UE 2016\/425, obligation de marquage CE (EPI conception\/fabrication) ;<\/li>\n<li>Les EPI conception\/fabrication en plong\u00e9e ;<\/li>\n<li>Les EPI sports-loisirs (EPI-SL) en plong\u00e9e ;<\/li>\n<li>Les EPI au travail en plong\u00e9e.<\/li>\n<\/ul>\n<p><strong>EN SAVOIR PLUS<\/strong><\/p>\n<p><a href=\"https:\/\/www.plongee-plaisir.com\/fr\/les-epi\/\">Dossier complet sur les EPI en plong\u00e9e<\/a><\/p>\n","protected":false},"excerpt":{"rendered":"<p>LES \u00c9QUIPEMENTS DE PROTECTION INDIVIDUELLE EN PLONG\u00c9E Pr\u00e9alable : Aucun Format : vid\u00e9o, streaming Dur\u00e9e\u00a0: 30 min Intervenant : Alain Foret (BEES2\/DESJEPS, auteur des livres et supports p\u00e9dagogiques\u00a0Plong\u00e9e Plaisir) Apr\u00e8s commande, vous recevez dans les 5 minutes (pensez \u00e0 consulter vos courriers ind\u00e9sirables ou \u00ab\u00a0spams\u00a0\u00bb) : Un e-mail de confirmation de votre commande avec le [&hellip;]<\/p>\n","protected":false},"author":4,"featured_media":55099,"template":"","meta":{"_crdt_document":"","_uag_custom_page_level_css":"","advgb_blocks_editor_width":"","advgb_blocks_columns_visual_guide":"","_genesis_hide_title":false,"_genesis_hide_breadcrumbs":false,"_genesis_hide_singular_image":false,"_genesis_hide_footer_widgets":false,"_genesis_custom_body_class":"","_genesis_custom_post_class":"","_genesis_layout":"","_vp_format_video_url":"","_vp_image_focal_point":[]},"product_brand":[],"product_cat":[293,367],"product_tag":[],"class_list":{"0":"post-55096","1":"product","2":"type-product","3":"status-publish","4":"has-post-thumbnail","6":"product_cat-amphitheatre","7":"product_cat-amphitheatre-conferences","8":"entry","10":"first","11":"instock","12":"virtual","13":"sold-individually","14":"taxable","15":"purchasable","16":"product-type-simple"},"yoast_head":"<!-- This site is optimized with the Yoast SEO plugin v27.5 - https:\/\/yoast.com\/product\/yoast-seo-wordpress\/ -->\n<title>Les \u00c9quipements de Protection Individuelle (EPI) en plong\u00e9e - Plong\u00e9e Plaisir, site officiel<\/title>\n<meta name=\"robots\" content=\"index, follow, max-snippet:-1, max-image-preview:large, max-video-preview:-1\" \/>\n<link rel=\"canonical\" href=\"https:\/\/www.plongee-plaisir.com\/fr\/produit\/equipements-protection-individuelle-plongee\/\" \/>\n<meta property=\"og:locale\" content=\"fr_FR\" \/>\n<meta property=\"og:type\" content=\"article\" \/>\n<meta property=\"og:title\" content=\"Les \u00c9quipements de Protection Individuelle (EPI) en plong\u00e9e - Plong\u00e9e Plaisir, site officiel\" \/>\n<meta property=\"og:description\" content=\"LES \u00c9QUIPEMENTS DE PROTECTION INDIVIDUELLE EN PLONG\u00c9E Pr\u00e9alable : Aucun Format : vid\u00e9o, streaming Dur\u00e9e\u00a0: 30 min Intervenant : Alain Foret (BEES2\/DESJEPS, auteur des livres et supports p\u00e9dagogiques\u00a0Plong\u00e9e Plaisir) Apr\u00e8s commande, vous recevez dans les 5 minutes (pensez \u00e0 consulter vos courriers ind\u00e9sirables ou \u00ab\u00a0spams\u00a0\u00bb) : Un e-mail de confirmation de votre commande avec le [&hellip;]\" \/>\n<meta property=\"og:url\" content=\"https:\/\/www.plongee-plaisir.com\/fr\/produit\/equipements-protection-individuelle-plongee\/\" \/>\n<meta property=\"og:site_name\" content=\"Plong\u00e9e Plaisir, site officiel\" \/>\n<meta property=\"article:modified_time\" content=\"2023-11-20T09:18:19+00:00\" \/>\n<meta property=\"og:image\" content=\"https:\/\/www.plongee-plaisir.com\/fr\/wp-content\/uploads\/2022\/03\/epi-400b.jpg\" \/>\n\t<meta property=\"og:image:width\" content=\"400\" \/>\n\t<meta property=\"og:image:height\" content=\"599\" \/>\n\t<meta property=\"og:image:type\" content=\"image\/jpeg\" \/>\n<meta name=\"twitter:card\" content=\"summary_large_image\" \/>\n<meta name=\"twitter:label1\" content=\"Dur\u00e9e de lecture estim\u00e9e\" \/>\n\t<meta name=\"twitter:data1\" content=\"2 minutes\" \/>\n<script type=\"application\/ld+json\" class=\"yoast-schema-graph\">{\"@context\":\"https:\\\/\\\/schema.org\",\"@graph\":[{\"@type\":\"WebPage\",\"@id\":\"https:\\\/\\\/www.plongee-plaisir.com\\\/fr\\\/produit\\\/equipements-protection-individuelle-plongee\\\/\",\"url\":\"https:\\\/\\\/www.plongee-plaisir.com\\\/fr\\\/produit\\\/equipements-protection-individuelle-plongee\\\/\",\"name\":\"Les \u00c9quipements de Protection Individuelle (EPI) en plong\u00e9e - Plong\u00e9e Plaisir, site officiel\",\"isPartOf\":{\"@id\":\"https:\\\/\\\/www.plongee-plaisir.com\\\/fr\\\/#website\"},\"primaryImageOfPage\":{\"@id\":\"https:\\\/\\\/www.plongee-plaisir.com\\\/fr\\\/produit\\\/equipements-protection-individuelle-plongee\\\/#primaryimage\"},\"image\":{\"@id\":\"https:\\\/\\\/www.plongee-plaisir.com\\\/fr\\\/produit\\\/equipements-protection-individuelle-plongee\\\/#primaryimage\"},\"thumbnailUrl\":\"https:\\\/\\\/www.plongee-plaisir.com\\\/fr\\\/wp-content\\\/uploads\\\/2022\\\/03\\\/epi-400b.jpg\",\"datePublished\":\"2022-03-05T16:36:26+00:00\",\"dateModified\":\"2023-11-20T09:18:19+00:00\",\"breadcrumb\":{\"@id\":\"https:\\\/\\\/www.plongee-plaisir.com\\\/fr\\\/produit\\\/equipements-protection-individuelle-plongee\\\/#breadcrumb\"},\"inLanguage\":\"fr-FR\",\"potentialAction\":[{\"@type\":\"ReadAction\",\"target\":[\"https:\\\/\\\/www.plongee-plaisir.com\\\/fr\\\/produit\\\/equipements-protection-individuelle-plongee\\\/\"]}]},{\"@type\":\"ImageObject\",\"inLanguage\":\"fr-FR\",\"@id\":\"https:\\\/\\\/www.plongee-plaisir.com\\\/fr\\\/produit\\\/equipements-protection-individuelle-plongee\\\/#primaryimage\",\"url\":\"https:\\\/\\\/www.plongee-plaisir.com\\\/fr\\\/wp-content\\\/uploads\\\/2022\\\/03\\\/epi-400b.jpg\",\"contentUrl\":\"https:\\\/\\\/www.plongee-plaisir.com\\\/fr\\\/wp-content\\\/uploads\\\/2022\\\/03\\\/epi-400b.jpg\",\"width\":400,\"height\":599},{\"@type\":\"BreadcrumbList\",\"@id\":\"https:\\\/\\\/www.plongee-plaisir.com\\\/fr\\\/produit\\\/equipements-protection-individuelle-plongee\\\/#breadcrumb\",\"itemListElement\":[{\"@type\":\"ListItem\",\"position\":1,\"name\":\"Accueil\",\"item\":\"https:\\\/\\\/www.plongee-plaisir.com\\\/fr\\\/\"},{\"@type\":\"ListItem\",\"position\":2,\"name\":\"Les \u00c9quipements de Protection Individuelle (EPI) en plong\u00e9e\"}]},{\"@type\":\"WebSite\",\"@id\":\"https:\\\/\\\/www.plongee-plaisir.com\\\/fr\\\/#website\",\"url\":\"https:\\\/\\\/www.plongee-plaisir.com\\\/fr\\\/\",\"name\":\"Plong\u00e9e Plaisir, site officiel\",\"description\":\"Apprendre \u00e0 plonger - Learning to dive\",\"potentialAction\":[{\"@type\":\"SearchAction\",\"target\":{\"@type\":\"EntryPoint\",\"urlTemplate\":\"https:\\\/\\\/www.plongee-plaisir.com\\\/fr\\\/?s={search_term_string}\"},\"query-input\":{\"@type\":\"PropertyValueSpecification\",\"valueRequired\":true,\"valueName\":\"search_term_string\"}}],\"inLanguage\":\"fr-FR\"}]}<\/script>\n<!-- \/ Yoast SEO plugin. -->","yoast_head_json":{"title":"Les \u00c9quipements de Protection Individuelle (EPI) en plong\u00e9e - Plong\u00e9e Plaisir, site officiel","robots":{"index":"index","follow":"follow","max-snippet":"max-snippet:-1","max-image-preview":"max-image-preview:large","max-video-preview":"max-video-preview:-1"},"canonical":"https:\/\/www.plongee-plaisir.com\/fr\/produit\/equipements-protection-individuelle-plongee\/","og_locale":"fr_FR","og_type":"article","og_title":"Les \u00c9quipements de Protection Individuelle (EPI) en plong\u00e9e - Plong\u00e9e Plaisir, site officiel","og_description":"LES \u00c9QUIPEMENTS DE PROTECTION INDIVIDUELLE EN PLONG\u00c9E Pr\u00e9alable : Aucun Format : vid\u00e9o, streaming Dur\u00e9e\u00a0: 30 min Intervenant : Alain Foret (BEES2\/DESJEPS, auteur des livres et supports p\u00e9dagogiques\u00a0Plong\u00e9e Plaisir) Apr\u00e8s commande, vous recevez dans les 5 minutes (pensez \u00e0 consulter vos courriers ind\u00e9sirables ou \u00ab\u00a0spams\u00a0\u00bb) : Un e-mail de confirmation de votre commande avec le [&hellip;]","og_url":"https:\/\/www.plongee-plaisir.com\/fr\/produit\/equipements-protection-individuelle-plongee\/","og_site_name":"Plong\u00e9e Plaisir, site officiel","article_modified_time":"2023-11-20T09:18:19+00:00","og_image":[{"width":400,"height":599,"url":"https:\/\/www.plongee-plaisir.com\/fr\/wp-content\/uploads\/2022\/03\/epi-400b.jpg","type":"image\/jpeg"}],"twitter_card":"summary_large_image","twitter_misc":{"Dur\u00e9e de lecture estim\u00e9e":"2 minutes"},"schema":{"@context":"https:\/\/schema.org","@graph":[{"@type":"WebPage","@id":"https:\/\/www.plongee-plaisir.com\/fr\/produit\/equipements-protection-individuelle-plongee\/","url":"https:\/\/www.plongee-plaisir.com\/fr\/produit\/equipements-protection-individuelle-plongee\/","name":"Les \u00c9quipements de Protection Individuelle (EPI) en plong\u00e9e - Plong\u00e9e Plaisir, site officiel","isPartOf":{"@id":"https:\/\/www.plongee-plaisir.com\/fr\/#website"},"primaryImageOfPage":{"@id":"https:\/\/www.plongee-plaisir.com\/fr\/produit\/equipements-protection-individuelle-plongee\/#primaryimage"},"image":{"@id":"https:\/\/www.plongee-plaisir.com\/fr\/produit\/equipements-protection-individuelle-plongee\/#primaryimage"},"thumbnailUrl":"https:\/\/www.plongee-plaisir.com\/fr\/wp-content\/uploads\/2022\/03\/epi-400b.jpg","datePublished":"2022-03-05T16:36:26+00:00","dateModified":"2023-11-20T09:18:19+00:00","breadcrumb":{"@id":"https:\/\/www.plongee-plaisir.com\/fr\/produit\/equipements-protection-individuelle-plongee\/#breadcrumb"},"inLanguage":"fr-FR","potentialAction":[{"@type":"ReadAction","target":["https:\/\/www.plongee-plaisir.com\/fr\/produit\/equipements-protection-individuelle-plongee\/"]}]},{"@type":"ImageObject","inLanguage":"fr-FR","@id":"https:\/\/www.plongee-plaisir.com\/fr\/produit\/equipements-protection-individuelle-plongee\/#primaryimage","url":"https:\/\/www.plongee-plaisir.com\/fr\/wp-content\/uploads\/2022\/03\/epi-400b.jpg","contentUrl":"https:\/\/www.plongee-plaisir.com\/fr\/wp-content\/uploads\/2022\/03\/epi-400b.jpg","width":400,"height":599},{"@type":"BreadcrumbList","@id":"https:\/\/www.plongee-plaisir.com\/fr\/produit\/equipements-protection-individuelle-plongee\/#breadcrumb","itemListElement":[{"@type":"ListItem","position":1,"name":"Accueil","item":"https:\/\/www.plongee-plaisir.com\/fr\/"},{"@type":"ListItem","position":2,"name":"Les \u00c9quipements de Protection Individuelle (EPI) en plong\u00e9e"}]},{"@type":"WebSite","@id":"https:\/\/www.plongee-plaisir.com\/fr\/#website","url":"https:\/\/www.plongee-plaisir.com\/fr\/","name":"Plong\u00e9e Plaisir, site officiel","description":"Apprendre \u00e0 plonger - Learning to dive","potentialAction":[{"@type":"SearchAction","target":{"@type":"EntryPoint","urlTemplate":"https:\/\/www.plongee-plaisir.com\/fr\/?s={search_term_string}"},"query-input":{"@type":"PropertyValueSpecification","valueRequired":true,"valueName":"search_term_string"}}],"inLanguage":"fr-FR"}]}},"uagb_featured_image_src":{"full":["https:\/\/www.plongee-plaisir.com\/fr\/wp-content\/uploads\/2022\/03\/epi-400b.jpg",400,599,false],"thumbnail":["https:\/\/www.plongee-plaisir.com\/fr\/wp-content\/uploads\/2022\/03\/epi-400b-150x150.jpg",150,150,true],"medium":["https:\/\/www.plongee-plaisir.com\/fr\/wp-content\/uploads\/2022\/03\/epi-400b-200x300.jpg",200,300,true],"medium_large":["https:\/\/www.plongee-plaisir.com\/fr\/wp-content\/uploads\/2022\/03\/epi-400b.jpg",400,599,false],"large":["https:\/\/www.plongee-plaisir.com\/fr\/wp-content\/uploads\/2022\/03\/epi-400b.jpg",400,599,false],"1536x1536":["https:\/\/www.plongee-plaisir.com\/fr\/wp-content\/uploads\/2022\/03\/epi-400b.jpg",400,599,false],"2048x2048":["https:\/\/www.plongee-plaisir.com\/fr\/wp-content\/uploads\/2022\/03\/epi-400b.jpg",400,599,false],"featured-content":["https:\/\/www.plongee-plaisir.com\/fr\/wp-content\/uploads\/2022\/03\/epi-400b.jpg",400,599,false],"author-pro-image":["https:\/\/www.plongee-plaisir.com\/fr\/wp-content\/uploads\/2022\/03\/epi-400b-360x570.jpg",360,570,true],"tb-timeline-landscape":["https:\/\/www.plongee-plaisir.com\/fr\/wp-content\/uploads\/2022\/03\/epi-400b-400x400.jpg",400,400,true],"tb-timeline-square":["https:\/\/www.plongee-plaisir.com\/fr\/wp-content\/uploads\/2022\/03\/epi-400b.jpg",400,599,false],"ultp_layout_landscape_large":["https:\/\/www.plongee-plaisir.com\/fr\/wp-content\/uploads\/2022\/03\/epi-400b.jpg",400,599,false],"ultp_layout_landscape":["https:\/\/www.plongee-plaisir.com\/fr\/wp-content\/uploads\/2022\/03\/epi-400b-400x570.jpg",400,570,true],"ultp_layout_portrait":["https:\/\/www.plongee-plaisir.com\/fr\/wp-content\/uploads\/2022\/03\/epi-400b.jpg",400,599,false],"ultp_layout_square":["https:\/\/www.plongee-plaisir.com\/fr\/wp-content\/uploads\/2022\/03\/epi-400b.jpg",400,599,false],"vp_sm":["https:\/\/www.plongee-plaisir.com\/fr\/wp-content\/uploads\/2022\/03\/epi-400b.jpg",400,599,false],"vp_md":["https:\/\/www.plongee-plaisir.com\/fr\/wp-content\/uploads\/2022\/03\/epi-400b.jpg",400,599,false],"vp_lg":["https:\/\/www.plongee-plaisir.com\/fr\/wp-content\/uploads\/2022\/03\/epi-400b.jpg",400,599,false],"vp_xl":["https:\/\/www.plongee-plaisir.com\/fr\/wp-content\/uploads\/2022\/03\/epi-400b.jpg",400,599,false],"vp_sm_popup":["https:\/\/www.plongee-plaisir.com\/fr\/wp-content\/uploads\/2022\/03\/epi-400b.jpg",400,599,false],"vp_md_popup":["https:\/\/www.plongee-plaisir.com\/fr\/wp-content\/uploads\/2022\/03\/epi-400b.jpg",400,599,false],"vp_xl_popup":["https:\/\/www.plongee-plaisir.com\/fr\/wp-content\/uploads\/2022\/03\/epi-400b.jpg",400,599,false],"gb-block-post-grid-landscape":["https:\/\/www.plongee-plaisir.com\/fr\/wp-content\/uploads\/2022\/03\/epi-400b-400x400.jpg",400,400,true],"gb-block-post-grid-square":["https:\/\/www.plongee-plaisir.com\/fr\/wp-content\/uploads\/2022\/03\/epi-400b.jpg",400,599,false],"woocommerce_thumbnail":["https:\/\/www.plongee-plaisir.com\/fr\/wp-content\/uploads\/2022\/03\/epi-400b-300x449.jpg",300,449,true],"woocommerce_single":["https:\/\/www.plongee-plaisir.com\/fr\/wp-content\/uploads\/2022\/03\/epi-400b.jpg",400,599,false],"woocommerce_gallery_thumbnail":["https:\/\/www.plongee-plaisir.com\/fr\/wp-content\/uploads\/2022\/03\/epi-400b-100x100.jpg",100,100,true],"sow-carousel-default":["https:\/\/www.plongee-plaisir.com\/fr\/wp-content\/uploads\/2022\/03\/epi-400b-272x182.jpg",272,182,true]},"uagb_author_info":{"display_name":"Alain Foret","author_link":"https:\/\/www.plongee-plaisir.com\/fr\/author\/plongeeplaisir\/"},"uagb_comment_info":0,"uagb_excerpt":"LES \u00c9QUIPEMENTS DE PROTECTION INDIVIDUELLE EN PLONG\u00c9E Pr\u00e9alable : Aucun Format : vid\u00e9o, streaming Dur\u00e9e\u00a0: 30 min Intervenant : Alain Foret (BEES2\/DESJEPS, auteur des livres et supports p\u00e9dagogiques\u00a0Plong\u00e9e Plaisir) Apr\u00e8s commande, vous recevez dans les 5 minutes (pensez \u00e0 consulter vos courriers ind\u00e9sirables ou \u00ab\u00a0spams\u00a0\u00bb) : Un e-mail de confirmation de votre commande avec le\u2026","featured_img":"https:\/\/www.plongee-plaisir.com\/fr\/wp-content\/uploads\/2022\/03\/epi-400b.jpg","coauthors":[],"author_meta":{"author_link":"https:\/\/www.plongee-plaisir.com\/fr\/author\/plongeeplaisir\/","display_name":"Alain Foret"},"relative_dates":{"created":"Publi\u00e9 4 ans il y a","modified":"Mis \u00e0 jour 2 ans il y a"},"absolute_dates":{"created":"Publi\u00e9 le 5 mars 2022","modified":"Mise \u00e0 jour le 20 novembre 2023"},"absolute_dates_time":{"created":"Publi\u00e9 le 5 mars 2022 17 h 36 min","modified":"Mise \u00e0 jour le 20 novembre 2023 10 h 18 min"},"featured_img_caption":"","tax_additional":{"product_brand":{"linked":[],"unlinked":[],"slug":"product_brand","name":"Marques"},"product_type":{"linked":["<a href=\"https:\/\/www.plongee-plaisir.com\/fr\/?taxonomy=product_type&#038;term=simple\" class=\"advgb-post-tax-term\">simple<\/a>"],"unlinked":["<span class=\"advgb-post-tax-term\">simple<\/span>"],"slug":"product_type","name":"Type de produit"},"product_visibility":{"linked":[],"unlinked":[],"slug":"product_visibility","name":"Visibilit\u00e9 du produit"},"product_cat":{"linked":["<a href=\"https:\/\/www.plongee-plaisir.com\/fr\/categorie-produit\/amphitheatre\/\" class=\"advgb-post-tax-term\">Amphith\u00e9\u00e2tre<\/a>","<a href=\"https:\/\/www.plongee-plaisir.com\/fr\/categorie-produit\/amphitheatre-conferences\/\" class=\"advgb-post-tax-term\">Amphith\u00e9\u00e2tre - Conf\u00e9rences<\/a>"],"unlinked":["<span class=\"advgb-post-tax-term\">Amphith\u00e9\u00e2tre<\/span>","<span class=\"advgb-post-tax-term\">Amphith\u00e9\u00e2tre - Conf\u00e9rences<\/span>"],"slug":"product_cat","name":"Cat\u00e9gories de produits"},"product_tag":{"linked":[],"unlinked":[],"slug":"product_tag","name":"\u00c9tiquettes produit"},"product_shipping_class":{"linked":[],"unlinked":[],"slug":"product_shipping_class","name":"Classe d\u2019exp\u00e9dition du produit"},"pos_product_visibility":{"linked":[],"unlinked":[],"slug":"pos_product_visibility","name":"Visibilit\u00e9 du produit sur le point de vente"}},"series_order":"","_links":{"self":[{"href":"https:\/\/www.plongee-plaisir.com\/fr\/wp-json\/wp\/v2\/product\/55096","targetHints":{"allow":["GET"]}}],"collection":[{"href":"https:\/\/www.plongee-plaisir.com\/fr\/wp-json\/wp\/v2\/product"}],"about":[{"href":"https:\/\/www.plongee-plaisir.com\/fr\/wp-json\/wp\/v2\/types\/product"}],"wp:featuredmedia":[{"embeddable":true,"href":"https:\/\/www.plongee-plaisir.com\/fr\/wp-json\/wp\/v2\/media\/55099"}],"wp:attachment":[{"href":"https:\/\/www.plongee-plaisir.com\/fr\/wp-json\/wp\/v2\/media?parent=55096"}],"wp:term":[{"taxonomy":"product_brand","embeddable":true,"href":"https:\/\/www.plongee-plaisir.com\/fr\/wp-json\/wp\/v2\/product_brand?post=55096"},{"taxonomy":"product_cat","embeddable":true,"href":"https:\/\/www.plongee-plaisir.com\/fr\/wp-json\/wp\/v2\/product_cat?post=55096"},{"taxonomy":"product_tag","embeddable":true,"href":"https:\/\/www.plongee-plaisir.com\/fr\/wp-json\/wp\/v2\/product_tag?post=55096"}],"curies":[{"name":"wp","href":"https:\/\/api.w.org\/{rel}","templated":true}]}}