{"id":59004,"date":"2023-11-12T15:17:59","date_gmt":"2023-11-12T14:17:59","guid":{"rendered":"https:\/\/www.plongee-plaisir.com\/fr\/?post_type=product&#038;p=59004"},"modified":"2024-12-06T07:59:39","modified_gmt":"2024-12-06T06:59:39","slug":"zh-l-16-c-gf-et-absence-de-penalisation-des-plongees-successives","status":"publish","type":"product","link":"https:\/\/www.plongee-plaisir.com\/fr\/produit\/zh-l-16-c-gf-et-absence-de-penalisation-des-plongees-successives\/","title":{"rendered":"ZH-L 16 C GF ET ABSENCE DE SURP\u00c9NALISATION DES PLONG\u00c9ES SUCCESSIVES"},"content":{"rendered":"<div class=\"eMember_protected_message\">S&rsquo;il vous plait <a href=\"https:\/\/www.plongee-plaisir.com\/fr\/produit\/zh-l-16-c-gf-et-absence-de-penalisation-des-plongees-successives\/?event=login\">Connexion - Login<\/a> Pour voir ce contenu. <span class=\"eMember_not_a_member_msg\">(Pas encore membre ? <a href=\"https:\/\/www.plongee-plaisir.com\/fr\/join-us\/registration\/\">Adh&eacute;rez maintenant !<\/a>)<\/span><\/div>","protected":false},"excerpt":{"rendered":"<p>VISIOCONF\u00c9RENCE DISPONIBLE EN STREAMING<\/p>\n<p>Sans information, l&rsquo;impl\u00e9mentation du jeu de param\u00e8tres ZH-L 16 C GF dans les ordinateurs de plong\u00e9e r\u00e9cents s&rsquo;est faite en occultant toute surp\u00e9nalisation sp\u00e9cifique des plong\u00e9es successives, sous la formule marketing \u00ab\u00a0<strong>pur<\/strong> ZH-L 16 C\u00a0\u00bb. En fait de \u00ab\u00a0<strong>pur<\/strong> ZH-L 16 C\u00a0\u00bb, il s&rsquo;agit d&rsquo;une absence d&rsquo;algorithme additionnel. \u00a0 Les r\u00e9sultats de nos tests men\u00e9s depuis 6 mois, qui seront pr\u00e9sent\u00e9s lors de cette visioconf\u00e9rence sont sans appel. <strong>Les \u00e9carts de dur\u00e9e de paliers entre ces ordinateurs et ceux int\u00e9grant un algorithme sp\u00e9cifique pour les successives peuvent aller du simple au triple !<\/strong> Pourquoi ce choix ou ce non-choix ? Quels risques associ\u00e9s ? Bien \u00e9videmment, on a du mal \u00e0 y croire. Et pourtant !<\/p>\n","protected":false},"author":4,"featured_media":59005,"template":"","meta":{"_crdt_document":"","_uag_custom_page_level_css":"","advgb_blocks_editor_width":"","advgb_blocks_columns_visual_guide":"","_genesis_hide_title":false,"_genesis_hide_breadcrumbs":false,"_genesis_hide_singular_image":false,"_genesis_hide_footer_widgets":false,"_genesis_custom_body_class":"","_genesis_custom_post_class":"","_genesis_layout":"","_vp_format_video_url":"","_vp_image_focal_point":[]},"product_brand":[],"product_cat":[293,367],"product_tag":[],"class_list":{"0":"post-59004","1":"product","2":"type-product","3":"status-publish","4":"has-post-thumbnail","6":"product_cat-amphitheatre","7":"product_cat-amphitheatre-conferences","8":"entry","10":"first","11":"instock","12":"virtual","13":"sold-individually","14":"taxable","15":"purchasable","16":"product-type-simple"},"yoast_head":"<!-- This site is optimized with the Yoast SEO plugin v27.5 - https:\/\/yoast.com\/product\/yoast-seo-wordpress\/ -->\n<title>ZH-L 16 C GF ET ABSENCE DE SURP\u00c9NALISATION DES PLONG\u00c9ES SUCCESSIVES - Plong\u00e9e Plaisir, site officiel<\/title>\n<meta name=\"description\" content=\"Enseigner les proc\u00e9dures de d\u00e9saturation (ordinateurs et tables de plong\u00e9e). Comment faire ? Est-il possible d&#039;avoir une approche unifi\u00e9e ?\" \/>\n<meta name=\"robots\" content=\"index, follow, max-snippet:-1, max-image-preview:large, max-video-preview:-1\" \/>\n<link rel=\"canonical\" href=\"https:\/\/www.plongee-plaisir.com\/fr\/produit\/zh-l-16-c-gf-et-absence-de-penalisation-des-plongees-successives\/\" \/>\n<meta property=\"og:locale\" content=\"fr_FR\" \/>\n<meta property=\"og:type\" content=\"article\" \/>\n<meta property=\"og:title\" content=\"ZH-L 16 C GF ET ABSENCE DE SURP\u00c9NALISATION DES PLONG\u00c9ES SUCCESSIVES - Plong\u00e9e Plaisir, site officiel\" \/>\n<meta property=\"og:description\" content=\"Enseigner les proc\u00e9dures de d\u00e9saturation (ordinateurs et tables de plong\u00e9e). Comment faire ? Est-il possible d&#039;avoir une approche unifi\u00e9e ?\" \/>\n<meta property=\"og:url\" content=\"https:\/\/www.plongee-plaisir.com\/fr\/produit\/zh-l-16-c-gf-et-absence-de-penalisation-des-plongees-successives\/\" \/>\n<meta property=\"og:site_name\" content=\"Plong\u00e9e Plaisir, site officiel\" \/>\n<meta property=\"article:modified_time\" content=\"2024-12-06T06:59:39+00:00\" \/>\n<meta property=\"og:image\" content=\"https:\/\/www.plongee-plaisir.com\/fr\/wp-content\/uploads\/2023\/11\/vignette-cours-successives.jpg\" \/>\n\t<meta property=\"og:image:width\" content=\"400\" \/>\n\t<meta property=\"og:image:height\" content=\"599\" \/>\n\t<meta property=\"og:image:type\" content=\"image\/jpeg\" \/>\n<meta name=\"twitter:card\" content=\"summary_large_image\" \/>\n<meta name=\"twitter:label1\" content=\"Dur\u00e9e de lecture estim\u00e9e\" \/>\n\t<meta name=\"twitter:data1\" content=\"2 minutes\" \/>\n<script type=\"application\/ld+json\" class=\"yoast-schema-graph\">{\"@context\":\"https:\\\/\\\/schema.org\",\"@graph\":[{\"@type\":\"WebPage\",\"@id\":\"https:\\\/\\\/www.plongee-plaisir.com\\\/fr\\\/produit\\\/zh-l-16-c-gf-et-absence-de-penalisation-des-plongees-successives\\\/\",\"url\":\"https:\\\/\\\/www.plongee-plaisir.com\\\/fr\\\/produit\\\/zh-l-16-c-gf-et-absence-de-penalisation-des-plongees-successives\\\/\",\"name\":\"ZH-L 16 C GF ET ABSENCE DE SURP\u00c9NALISATION DES PLONG\u00c9ES SUCCESSIVES - Plong\u00e9e Plaisir, site officiel\",\"isPartOf\":{\"@id\":\"https:\\\/\\\/www.plongee-plaisir.com\\\/fr\\\/#website\"},\"primaryImageOfPage\":{\"@id\":\"https:\\\/\\\/www.plongee-plaisir.com\\\/fr\\\/produit\\\/zh-l-16-c-gf-et-absence-de-penalisation-des-plongees-successives\\\/#primaryimage\"},\"image\":{\"@id\":\"https:\\\/\\\/www.plongee-plaisir.com\\\/fr\\\/produit\\\/zh-l-16-c-gf-et-absence-de-penalisation-des-plongees-successives\\\/#primaryimage\"},\"thumbnailUrl\":\"https:\\\/\\\/www.plongee-plaisir.com\\\/fr\\\/wp-content\\\/uploads\\\/2023\\\/11\\\/vignette-cours-successives.jpg\",\"datePublished\":\"2023-11-12T14:17:59+00:00\",\"dateModified\":\"2024-12-06T06:59:39+00:00\",\"description\":\"Enseigner les proc\u00e9dures de d\u00e9saturation (ordinateurs et tables de plong\u00e9e). Comment faire ? Est-il possible d'avoir une approche unifi\u00e9e ?\",\"breadcrumb\":{\"@id\":\"https:\\\/\\\/www.plongee-plaisir.com\\\/fr\\\/produit\\\/zh-l-16-c-gf-et-absence-de-penalisation-des-plongees-successives\\\/#breadcrumb\"},\"inLanguage\":\"fr-FR\",\"potentialAction\":[{\"@type\":\"ReadAction\",\"target\":[\"https:\\\/\\\/www.plongee-plaisir.com\\\/fr\\\/produit\\\/zh-l-16-c-gf-et-absence-de-penalisation-des-plongees-successives\\\/\"]}]},{\"@type\":\"ImageObject\",\"inLanguage\":\"fr-FR\",\"@id\":\"https:\\\/\\\/www.plongee-plaisir.com\\\/fr\\\/produit\\\/zh-l-16-c-gf-et-absence-de-penalisation-des-plongees-successives\\\/#primaryimage\",\"url\":\"https:\\\/\\\/www.plongee-plaisir.com\\\/fr\\\/wp-content\\\/uploads\\\/2023\\\/11\\\/vignette-cours-successives.jpg\",\"contentUrl\":\"https:\\\/\\\/www.plongee-plaisir.com\\\/fr\\\/wp-content\\\/uploads\\\/2023\\\/11\\\/vignette-cours-successives.jpg\",\"width\":400,\"height\":599},{\"@type\":\"BreadcrumbList\",\"@id\":\"https:\\\/\\\/www.plongee-plaisir.com\\\/fr\\\/produit\\\/zh-l-16-c-gf-et-absence-de-penalisation-des-plongees-successives\\\/#breadcrumb\",\"itemListElement\":[{\"@type\":\"ListItem\",\"position\":1,\"name\":\"Accueil\",\"item\":\"https:\\\/\\\/www.plongee-plaisir.com\\\/fr\\\/\"},{\"@type\":\"ListItem\",\"position\":2,\"name\":\"ZH-L 16 C GF ET ABSENCE DE SURP\u00c9NALISATION DES PLONG\u00c9ES SUCCESSIVES\"}]},{\"@type\":\"WebSite\",\"@id\":\"https:\\\/\\\/www.plongee-plaisir.com\\\/fr\\\/#website\",\"url\":\"https:\\\/\\\/www.plongee-plaisir.com\\\/fr\\\/\",\"name\":\"Plong\u00e9e Plaisir, site officiel\",\"description\":\"Apprendre \u00e0 plonger - Learning to dive\",\"potentialAction\":[{\"@type\":\"SearchAction\",\"target\":{\"@type\":\"EntryPoint\",\"urlTemplate\":\"https:\\\/\\\/www.plongee-plaisir.com\\\/fr\\\/?s={search_term_string}\"},\"query-input\":{\"@type\":\"PropertyValueSpecification\",\"valueRequired\":true,\"valueName\":\"search_term_string\"}}],\"inLanguage\":\"fr-FR\"}]}<\/script>\n<!-- \/ Yoast SEO plugin. -->","yoast_head_json":{"title":"ZH-L 16 C GF ET ABSENCE DE SURP\u00c9NALISATION DES PLONG\u00c9ES SUCCESSIVES - Plong\u00e9e Plaisir, site officiel","description":"Enseigner les proc\u00e9dures de d\u00e9saturation (ordinateurs et tables de plong\u00e9e). Comment faire ? Est-il possible d'avoir une approche unifi\u00e9e ?","robots":{"index":"index","follow":"follow","max-snippet":"max-snippet:-1","max-image-preview":"max-image-preview:large","max-video-preview":"max-video-preview:-1"},"canonical":"https:\/\/www.plongee-plaisir.com\/fr\/produit\/zh-l-16-c-gf-et-absence-de-penalisation-des-plongees-successives\/","og_locale":"fr_FR","og_type":"article","og_title":"ZH-L 16 C GF ET ABSENCE DE SURP\u00c9NALISATION DES PLONG\u00c9ES SUCCESSIVES - Plong\u00e9e Plaisir, site officiel","og_description":"Enseigner les proc\u00e9dures de d\u00e9saturation (ordinateurs et tables de plong\u00e9e). Comment faire ? Est-il possible d'avoir une approche unifi\u00e9e ?","og_url":"https:\/\/www.plongee-plaisir.com\/fr\/produit\/zh-l-16-c-gf-et-absence-de-penalisation-des-plongees-successives\/","og_site_name":"Plong\u00e9e Plaisir, site officiel","article_modified_time":"2024-12-06T06:59:39+00:00","og_image":[{"width":400,"height":599,"url":"https:\/\/www.plongee-plaisir.com\/fr\/wp-content\/uploads\/2023\/11\/vignette-cours-successives.jpg","type":"image\/jpeg"}],"twitter_card":"summary_large_image","twitter_misc":{"Dur\u00e9e de lecture estim\u00e9e":"2 minutes"},"schema":{"@context":"https:\/\/schema.org","@graph":[{"@type":"WebPage","@id":"https:\/\/www.plongee-plaisir.com\/fr\/produit\/zh-l-16-c-gf-et-absence-de-penalisation-des-plongees-successives\/","url":"https:\/\/www.plongee-plaisir.com\/fr\/produit\/zh-l-16-c-gf-et-absence-de-penalisation-des-plongees-successives\/","name":"ZH-L 16 C GF ET ABSENCE DE SURP\u00c9NALISATION DES PLONG\u00c9ES SUCCESSIVES - Plong\u00e9e Plaisir, site officiel","isPartOf":{"@id":"https:\/\/www.plongee-plaisir.com\/fr\/#website"},"primaryImageOfPage":{"@id":"https:\/\/www.plongee-plaisir.com\/fr\/produit\/zh-l-16-c-gf-et-absence-de-penalisation-des-plongees-successives\/#primaryimage"},"image":{"@id":"https:\/\/www.plongee-plaisir.com\/fr\/produit\/zh-l-16-c-gf-et-absence-de-penalisation-des-plongees-successives\/#primaryimage"},"thumbnailUrl":"https:\/\/www.plongee-plaisir.com\/fr\/wp-content\/uploads\/2023\/11\/vignette-cours-successives.jpg","datePublished":"2023-11-12T14:17:59+00:00","dateModified":"2024-12-06T06:59:39+00:00","description":"Enseigner les proc\u00e9dures de d\u00e9saturation (ordinateurs et tables de plong\u00e9e). Comment faire ? Est-il possible d'avoir une approche unifi\u00e9e ?","breadcrumb":{"@id":"https:\/\/www.plongee-plaisir.com\/fr\/produit\/zh-l-16-c-gf-et-absence-de-penalisation-des-plongees-successives\/#breadcrumb"},"inLanguage":"fr-FR","potentialAction":[{"@type":"ReadAction","target":["https:\/\/www.plongee-plaisir.com\/fr\/produit\/zh-l-16-c-gf-et-absence-de-penalisation-des-plongees-successives\/"]}]},{"@type":"ImageObject","inLanguage":"fr-FR","@id":"https:\/\/www.plongee-plaisir.com\/fr\/produit\/zh-l-16-c-gf-et-absence-de-penalisation-des-plongees-successives\/#primaryimage","url":"https:\/\/www.plongee-plaisir.com\/fr\/wp-content\/uploads\/2023\/11\/vignette-cours-successives.jpg","contentUrl":"https:\/\/www.plongee-plaisir.com\/fr\/wp-content\/uploads\/2023\/11\/vignette-cours-successives.jpg","width":400,"height":599},{"@type":"BreadcrumbList","@id":"https:\/\/www.plongee-plaisir.com\/fr\/produit\/zh-l-16-c-gf-et-absence-de-penalisation-des-plongees-successives\/#breadcrumb","itemListElement":[{"@type":"ListItem","position":1,"name":"Accueil","item":"https:\/\/www.plongee-plaisir.com\/fr\/"},{"@type":"ListItem","position":2,"name":"ZH-L 16 C GF ET ABSENCE DE SURP\u00c9NALISATION DES PLONG\u00c9ES SUCCESSIVES"}]},{"@type":"WebSite","@id":"https:\/\/www.plongee-plaisir.com\/fr\/#website","url":"https:\/\/www.plongee-plaisir.com\/fr\/","name":"Plong\u00e9e Plaisir, site officiel","description":"Apprendre \u00e0 plonger - Learning to dive","potentialAction":[{"@type":"SearchAction","target":{"@type":"EntryPoint","urlTemplate":"https:\/\/www.plongee-plaisir.com\/fr\/?s={search_term_string}"},"query-input":{"@type":"PropertyValueSpecification","valueRequired":true,"valueName":"search_term_string"}}],"inLanguage":"fr-FR"}]}},"uagb_featured_image_src":{"full":["https:\/\/www.plongee-plaisir.com\/fr\/wp-content\/uploads\/2023\/11\/vignette-cours-successives.jpg",400,599,false],"thumbnail":["https:\/\/www.plongee-plaisir.com\/fr\/wp-content\/uploads\/2023\/11\/vignette-cours-successives-150x150.jpg",150,150,true],"medium":["https:\/\/www.plongee-plaisir.com\/fr\/wp-content\/uploads\/2023\/11\/vignette-cours-successives-200x300.jpg",200,300,true],"medium_large":["https:\/\/www.plongee-plaisir.com\/fr\/wp-content\/uploads\/2023\/11\/vignette-cours-successives.jpg",400,599,false],"large":["https:\/\/www.plongee-plaisir.com\/fr\/wp-content\/uploads\/2023\/11\/vignette-cours-successives.jpg",400,599,false],"1536x1536":["https:\/\/www.plongee-plaisir.com\/fr\/wp-content\/uploads\/2023\/11\/vignette-cours-successives.jpg",400,599,false],"2048x2048":["https:\/\/www.plongee-plaisir.com\/fr\/wp-content\/uploads\/2023\/11\/vignette-cours-successives.jpg",400,599,false],"featured-content":["https:\/\/www.plongee-plaisir.com\/fr\/wp-content\/uploads\/2023\/11\/vignette-cours-successives.jpg",400,599,false],"author-pro-image":["https:\/\/www.plongee-plaisir.com\/fr\/wp-content\/uploads\/2023\/11\/vignette-cours-successives-360x570.jpg",360,570,true],"tb-timeline-landscape":["https:\/\/www.plongee-plaisir.com\/fr\/wp-content\/uploads\/2023\/11\/vignette-cours-successives-400x400.jpg",400,400,true],"tb-timeline-square":["https:\/\/www.plongee-plaisir.com\/fr\/wp-content\/uploads\/2023\/11\/vignette-cours-successives.jpg",400,599,false],"ultp_layout_landscape_large":["https:\/\/www.plongee-plaisir.com\/fr\/wp-content\/uploads\/2023\/11\/vignette-cours-successives.jpg",400,599,false],"ultp_layout_landscape":["https:\/\/www.plongee-plaisir.com\/fr\/wp-content\/uploads\/2023\/11\/vignette-cours-successives-400x570.jpg",400,570,true],"ultp_layout_portrait":["https:\/\/www.plongee-plaisir.com\/fr\/wp-content\/uploads\/2023\/11\/vignette-cours-successives.jpg",400,599,false],"ultp_layout_square":["https:\/\/www.plongee-plaisir.com\/fr\/wp-content\/uploads\/2023\/11\/vignette-cours-successives.jpg",400,599,false],"vp_sm":["https:\/\/www.plongee-plaisir.com\/fr\/wp-content\/uploads\/2023\/11\/vignette-cours-successives.jpg",400,599,false],"vp_md":["https:\/\/www.plongee-plaisir.com\/fr\/wp-content\/uploads\/2023\/11\/vignette-cours-successives.jpg",400,599,false],"vp_lg":["https:\/\/www.plongee-plaisir.com\/fr\/wp-content\/uploads\/2023\/11\/vignette-cours-successives.jpg",400,599,false],"vp_xl":["https:\/\/www.plongee-plaisir.com\/fr\/wp-content\/uploads\/2023\/11\/vignette-cours-successives.jpg",400,599,false],"vp_sm_popup":["https:\/\/www.plongee-plaisir.com\/fr\/wp-content\/uploads\/2023\/11\/vignette-cours-successives.jpg",400,599,false],"vp_md_popup":["https:\/\/www.plongee-plaisir.com\/fr\/wp-content\/uploads\/2023\/11\/vignette-cours-successives.jpg",400,599,false],"vp_xl_popup":["https:\/\/www.plongee-plaisir.com\/fr\/wp-content\/uploads\/2023\/11\/vignette-cours-successives.jpg",400,599,false],"gb-block-post-grid-landscape":["https:\/\/www.plongee-plaisir.com\/fr\/wp-content\/uploads\/2023\/11\/vignette-cours-successives-400x400.jpg",400,400,true],"gb-block-post-grid-square":["https:\/\/www.plongee-plaisir.com\/fr\/wp-content\/uploads\/2023\/11\/vignette-cours-successives.jpg",400,599,false],"woocommerce_thumbnail":["https:\/\/www.plongee-plaisir.com\/fr\/wp-content\/uploads\/2023\/11\/vignette-cours-successives-300x449.jpg",300,449,true],"woocommerce_single":["https:\/\/www.plongee-plaisir.com\/fr\/wp-content\/uploads\/2023\/11\/vignette-cours-successives.jpg",400,599,false],"woocommerce_gallery_thumbnail":["https:\/\/www.plongee-plaisir.com\/fr\/wp-content\/uploads\/2023\/11\/vignette-cours-successives-100x100.jpg",100,100,true],"sow-carousel-default":["https:\/\/www.plongee-plaisir.com\/fr\/wp-content\/uploads\/2023\/11\/vignette-cours-successives-272x182.jpg",272,182,true]},"uagb_author_info":{"display_name":"Alain Foret","author_link":"https:\/\/www.plongee-plaisir.com\/fr\/author\/plongeeplaisir\/"},"uagb_comment_info":0,"uagb_excerpt":"VISIOCONF\u00c9RENCE DISPONIBLE EN STREAMING Sans information, l'impl\u00e9mentation du jeu de param\u00e8tres ZH-L 16 C GF dans les ordinateurs de plong\u00e9e r\u00e9cents s'est faite en occultant toute surp\u00e9nalisation sp\u00e9cifique des plong\u00e9es successives, sous la formule marketing \"pur ZH-L 16 C\". En fait de \"pur ZH-L 16 C\", il s'agit d'une absence d'algorithme additionnel. \u00a0 Les r\u00e9sultats\u2026","featured_img":"https:\/\/www.plongee-plaisir.com\/fr\/wp-content\/uploads\/2023\/11\/vignette-cours-successives.jpg","coauthors":[],"author_meta":{"author_link":"https:\/\/www.plongee-plaisir.com\/fr\/author\/plongeeplaisir\/","display_name":"Alain Foret"},"relative_dates":{"created":"Publi\u00e9 2 ans il y a","modified":"Mis \u00e0 jour 1 an il y a"},"absolute_dates":{"created":"Publi\u00e9 le 12 novembre 2023","modified":"Mise \u00e0 jour le 6 d\u00e9cembre 2024"},"absolute_dates_time":{"created":"Publi\u00e9 le 12 novembre 2023 15 h 17 min","modified":"Mise \u00e0 jour le 6 d\u00e9cembre 2024 7 h 59 min"},"featured_img_caption":"","tax_additional":{"product_brand":{"linked":[],"unlinked":[],"slug":"product_brand","name":"Marques"},"product_type":{"linked":["<a href=\"https:\/\/www.plongee-plaisir.com\/fr\/?taxonomy=product_type&#038;term=simple\" class=\"advgb-post-tax-term\">simple<\/a>"],"unlinked":["<span class=\"advgb-post-tax-term\">simple<\/span>"],"slug":"product_type","name":"Type de produit"},"product_visibility":{"linked":[],"unlinked":[],"slug":"product_visibility","name":"Visibilit\u00e9 du produit"},"product_cat":{"linked":["<a href=\"https:\/\/www.plongee-plaisir.com\/fr\/categorie-produit\/amphitheatre\/\" class=\"advgb-post-tax-term\">Amphith\u00e9\u00e2tre<\/a>","<a href=\"https:\/\/www.plongee-plaisir.com\/fr\/categorie-produit\/amphitheatre-conferences\/\" class=\"advgb-post-tax-term\">Amphith\u00e9\u00e2tre - Conf\u00e9rences<\/a>"],"unlinked":["<span class=\"advgb-post-tax-term\">Amphith\u00e9\u00e2tre<\/span>","<span class=\"advgb-post-tax-term\">Amphith\u00e9\u00e2tre - Conf\u00e9rences<\/span>"],"slug":"product_cat","name":"Cat\u00e9gories de produits"},"product_tag":{"linked":[],"unlinked":[],"slug":"product_tag","name":"\u00c9tiquettes produit"},"product_shipping_class":{"linked":[],"unlinked":[],"slug":"product_shipping_class","name":"Classe d\u2019exp\u00e9dition du produit"},"pos_product_visibility":{"linked":[],"unlinked":[],"slug":"pos_product_visibility","name":"Visibilit\u00e9 du produit sur le point de vente"}},"series_order":"","_links":{"self":[{"href":"https:\/\/www.plongee-plaisir.com\/fr\/wp-json\/wp\/v2\/product\/59004","targetHints":{"allow":["GET"]}}],"collection":[{"href":"https:\/\/www.plongee-plaisir.com\/fr\/wp-json\/wp\/v2\/product"}],"about":[{"href":"https:\/\/www.plongee-plaisir.com\/fr\/wp-json\/wp\/v2\/types\/product"}],"wp:featuredmedia":[{"embeddable":true,"href":"https:\/\/www.plongee-plaisir.com\/fr\/wp-json\/wp\/v2\/media\/59005"}],"wp:attachment":[{"href":"https:\/\/www.plongee-plaisir.com\/fr\/wp-json\/wp\/v2\/media?parent=59004"}],"wp:term":[{"taxonomy":"product_brand","embeddable":true,"href":"https:\/\/www.plongee-plaisir.com\/fr\/wp-json\/wp\/v2\/product_brand?post=59004"},{"taxonomy":"product_cat","embeddable":true,"href":"https:\/\/www.plongee-plaisir.com\/fr\/wp-json\/wp\/v2\/product_cat?post=59004"},{"taxonomy":"product_tag","embeddable":true,"href":"https:\/\/www.plongee-plaisir.com\/fr\/wp-json\/wp\/v2\/product_tag?post=59004"}],"curies":[{"name":"wp","href":"https:\/\/api.w.org\/{rel}","templated":true}]}}