{"id":61533,"date":"2024-11-24T12:48:44","date_gmt":"2024-11-24T11:48:44","guid":{"rendered":"https:\/\/www.plongee-plaisir.com\/fr\/?post_type=product&#038;p=61533"},"modified":"2024-12-06T07:48:54","modified_gmt":"2024-12-06T06:48:54","slug":"successives-haldane","status":"publish","type":"product","link":"https:\/\/www.plongee-plaisir.com\/fr\/produit\/successives-haldane\/","title":{"rendered":"Plong\u00e9es successives et jeux de param\u00e8tres haldaniens"},"content":{"rendered":"<div class=\"eMember_protected_message\">S&rsquo;il vous plait <a href=\"https:\/\/www.plongee-plaisir.com\/fr\/produit\/successives-haldane\/?event=login\">Connexion - Login<\/a> Pour voir ce contenu. <span class=\"eMember_not_a_member_msg\">(Pas encore membre ? <a href=\"https:\/\/www.plongee-plaisir.com\/fr\/join-us\/registration\/\">Adh&eacute;rez maintenant !<\/a>)<\/span><\/div>","protected":false},"excerpt":{"rendered":"<p>VISIOCONF\u00c9RENCE EN REPLAY<\/p>\n<p>Les plong\u00e9es successives ne font pas partie de la mod\u00e9lisation de Haldane. En cons\u00e9quence, pour l&rsquo;ensemble des jeux de param\u00e8tres haldaniens (US-Navy, B\u00fchlmann (ZH-L), Marine nationale&#8230;) la gestion des plong\u00e9es successives n\u00e9cessite la mise en place d&rsquo;une proc\u00e9dure additionnelle, avec des tables comme avec des ordinateurs de plong\u00e9e.<\/p>\n<p>Haldane avait signal\u00e9, d\u00e8s 1908, cette limite de sa mod\u00e9lisation.<\/p>\n<p>De 1908 \u00e0 1948, la seule proc\u00e9dure en vigueur \u00e9tait extr\u00eamement p\u00e9nalisante.<\/p>\n<p>\u00c0 partir de 1948, la proc\u00e9dure du Groupe de plong\u00e9es successives (GPS) est cr\u00e9\u00e9e par Jean Alinat au sein de la Marine nationale (GRS, GERS), afin d&rsquo;appliquer une majoration aux plong\u00e9es successives. Elle est ensuite reprise par toutes les tables de plong\u00e9e au monde et adapt\u00e9e, \u00e0 partir des ann\u00e9es 1980\/1990, dans les ordinateurs de plong\u00e9e.<\/p>\n<p><strong>Conna\u00eetre ce cheminement historique permet de mieux comprendre la question des plong\u00e9es successives et de fournir des \u00e9l\u00e9ments de d\u00e9cision argument\u00e9s quant au choix des ordinateurs de plong\u00e9e<\/strong>.<\/p>\n<p>&nbsp;<\/p>\n","protected":false},"author":4,"featured_media":61534,"template":"","meta":{"_crdt_document":"","_uag_custom_page_level_css":"","advgb_blocks_editor_width":"","advgb_blocks_columns_visual_guide":"","_genesis_hide_title":false,"_genesis_hide_breadcrumbs":false,"_genesis_hide_singular_image":false,"_genesis_hide_footer_widgets":false,"_genesis_custom_body_class":"","_genesis_custom_post_class":"","_genesis_layout":"","_vp_format_video_url":"","_vp_image_focal_point":[]},"product_brand":[],"product_cat":[293,367],"product_tag":[],"class_list":{"0":"post-61533","1":"product","2":"type-product","3":"status-publish","4":"has-post-thumbnail","6":"product_cat-amphitheatre","7":"product_cat-amphitheatre-conferences","8":"entry","10":"first","11":"instock","12":"virtual","13":"sold-individually","14":"taxable","15":"purchasable","16":"product-type-simple"},"yoast_head":"<!-- This site is optimized with the Yoast SEO plugin v27.5 - https:\/\/yoast.com\/product\/yoast-seo-wordpress\/ -->\n<title>Plong\u00e9es successives et jeux de param\u00e8tres haldaniens - Plong\u00e9e Plaisir, site officiel<\/title>\n<meta name=\"description\" content=\"Comprendre la n\u00e9cessit\u00e9 d&#039;une proc\u00e9dure additionnelle pour g\u00e9rer les plong\u00e9es successives avec un jeu de param\u00e8tres haldaniens (ZH-L ou autre).\" \/>\n<meta name=\"robots\" content=\"index, follow, max-snippet:-1, max-image-preview:large, max-video-preview:-1\" \/>\n<link rel=\"canonical\" href=\"https:\/\/www.plongee-plaisir.com\/fr\/produit\/successives-haldane\/\" \/>\n<meta property=\"og:locale\" content=\"fr_FR\" \/>\n<meta property=\"og:type\" content=\"article\" \/>\n<meta property=\"og:title\" content=\"Plong\u00e9es successives et jeux de param\u00e8tres haldaniens - Plong\u00e9e Plaisir, site officiel\" \/>\n<meta property=\"og:description\" content=\"Comprendre la n\u00e9cessit\u00e9 d&#039;une proc\u00e9dure additionnelle pour g\u00e9rer les plong\u00e9es successives avec un jeu de param\u00e8tres haldaniens (ZH-L ou autre).\" \/>\n<meta property=\"og:url\" content=\"https:\/\/www.plongee-plaisir.com\/fr\/produit\/successives-haldane\/\" \/>\n<meta property=\"og:site_name\" content=\"Plong\u00e9e Plaisir, site officiel\" \/>\n<meta property=\"article:modified_time\" content=\"2024-12-06T06:48:54+00:00\" \/>\n<meta property=\"og:image\" content=\"https:\/\/www.plongee-plaisir.com\/fr\/wp-content\/uploads\/2024\/11\/vignette-successives-haldane.jpg\" \/>\n\t<meta property=\"og:image:width\" content=\"400\" \/>\n\t<meta property=\"og:image:height\" content=\"599\" \/>\n\t<meta property=\"og:image:type\" content=\"image\/jpeg\" \/>\n<meta name=\"twitter:card\" content=\"summary_large_image\" \/>\n<meta name=\"twitter:label1\" content=\"Dur\u00e9e de lecture estim\u00e9e\" \/>\n\t<meta name=\"twitter:data1\" content=\"2 minutes\" \/>\n<script type=\"application\/ld+json\" class=\"yoast-schema-graph\">{\"@context\":\"https:\\\/\\\/schema.org\",\"@graph\":[{\"@type\":\"WebPage\",\"@id\":\"https:\\\/\\\/www.plongee-plaisir.com\\\/fr\\\/produit\\\/successives-haldane\\\/\",\"url\":\"https:\\\/\\\/www.plongee-plaisir.com\\\/fr\\\/produit\\\/successives-haldane\\\/\",\"name\":\"Plong\u00e9es successives et jeux de param\u00e8tres haldaniens - Plong\u00e9e Plaisir, site officiel\",\"isPartOf\":{\"@id\":\"https:\\\/\\\/www.plongee-plaisir.com\\\/fr\\\/#website\"},\"primaryImageOfPage\":{\"@id\":\"https:\\\/\\\/www.plongee-plaisir.com\\\/fr\\\/produit\\\/successives-haldane\\\/#primaryimage\"},\"image\":{\"@id\":\"https:\\\/\\\/www.plongee-plaisir.com\\\/fr\\\/produit\\\/successives-haldane\\\/#primaryimage\"},\"thumbnailUrl\":\"https:\\\/\\\/www.plongee-plaisir.com\\\/fr\\\/wp-content\\\/uploads\\\/2024\\\/11\\\/vignette-successives-haldane.jpg\",\"datePublished\":\"2024-11-24T11:48:44+00:00\",\"dateModified\":\"2024-12-06T06:48:54+00:00\",\"description\":\"Comprendre la n\u00e9cessit\u00e9 d'une proc\u00e9dure additionnelle pour g\u00e9rer les plong\u00e9es successives avec un jeu de param\u00e8tres haldaniens (ZH-L ou autre).\",\"breadcrumb\":{\"@id\":\"https:\\\/\\\/www.plongee-plaisir.com\\\/fr\\\/produit\\\/successives-haldane\\\/#breadcrumb\"},\"inLanguage\":\"fr-FR\",\"potentialAction\":[{\"@type\":\"ReadAction\",\"target\":[\"https:\\\/\\\/www.plongee-plaisir.com\\\/fr\\\/produit\\\/successives-haldane\\\/\"]}]},{\"@type\":\"ImageObject\",\"inLanguage\":\"fr-FR\",\"@id\":\"https:\\\/\\\/www.plongee-plaisir.com\\\/fr\\\/produit\\\/successives-haldane\\\/#primaryimage\",\"url\":\"https:\\\/\\\/www.plongee-plaisir.com\\\/fr\\\/wp-content\\\/uploads\\\/2024\\\/11\\\/vignette-successives-haldane.jpg\",\"contentUrl\":\"https:\\\/\\\/www.plongee-plaisir.com\\\/fr\\\/wp-content\\\/uploads\\\/2024\\\/11\\\/vignette-successives-haldane.jpg\",\"width\":400,\"height\":599},{\"@type\":\"BreadcrumbList\",\"@id\":\"https:\\\/\\\/www.plongee-plaisir.com\\\/fr\\\/produit\\\/successives-haldane\\\/#breadcrumb\",\"itemListElement\":[{\"@type\":\"ListItem\",\"position\":1,\"name\":\"Accueil\",\"item\":\"https:\\\/\\\/www.plongee-plaisir.com\\\/fr\\\/\"},{\"@type\":\"ListItem\",\"position\":2,\"name\":\"Plong\u00e9es successives et jeux de param\u00e8tres haldaniens\"}]},{\"@type\":\"WebSite\",\"@id\":\"https:\\\/\\\/www.plongee-plaisir.com\\\/fr\\\/#website\",\"url\":\"https:\\\/\\\/www.plongee-plaisir.com\\\/fr\\\/\",\"name\":\"Plong\u00e9e Plaisir, site officiel\",\"description\":\"Apprendre \u00e0 plonger - Learning to dive\",\"potentialAction\":[{\"@type\":\"SearchAction\",\"target\":{\"@type\":\"EntryPoint\",\"urlTemplate\":\"https:\\\/\\\/www.plongee-plaisir.com\\\/fr\\\/?s={search_term_string}\"},\"query-input\":{\"@type\":\"PropertyValueSpecification\",\"valueRequired\":true,\"valueName\":\"search_term_string\"}}],\"inLanguage\":\"fr-FR\"}]}<\/script>\n<!-- \/ Yoast SEO plugin. -->","yoast_head_json":{"title":"Plong\u00e9es successives et jeux de param\u00e8tres haldaniens - Plong\u00e9e Plaisir, site officiel","description":"Comprendre la n\u00e9cessit\u00e9 d'une proc\u00e9dure additionnelle pour g\u00e9rer les plong\u00e9es successives avec un jeu de param\u00e8tres haldaniens (ZH-L ou autre).","robots":{"index":"index","follow":"follow","max-snippet":"max-snippet:-1","max-image-preview":"max-image-preview:large","max-video-preview":"max-video-preview:-1"},"canonical":"https:\/\/www.plongee-plaisir.com\/fr\/produit\/successives-haldane\/","og_locale":"fr_FR","og_type":"article","og_title":"Plong\u00e9es successives et jeux de param\u00e8tres haldaniens - Plong\u00e9e Plaisir, site officiel","og_description":"Comprendre la n\u00e9cessit\u00e9 d'une proc\u00e9dure additionnelle pour g\u00e9rer les plong\u00e9es successives avec un jeu de param\u00e8tres haldaniens (ZH-L ou autre).","og_url":"https:\/\/www.plongee-plaisir.com\/fr\/produit\/successives-haldane\/","og_site_name":"Plong\u00e9e Plaisir, site officiel","article_modified_time":"2024-12-06T06:48:54+00:00","og_image":[{"width":400,"height":599,"url":"https:\/\/www.plongee-plaisir.com\/fr\/wp-content\/uploads\/2024\/11\/vignette-successives-haldane.jpg","type":"image\/jpeg"}],"twitter_card":"summary_large_image","twitter_misc":{"Dur\u00e9e de lecture estim\u00e9e":"2 minutes"},"schema":{"@context":"https:\/\/schema.org","@graph":[{"@type":"WebPage","@id":"https:\/\/www.plongee-plaisir.com\/fr\/produit\/successives-haldane\/","url":"https:\/\/www.plongee-plaisir.com\/fr\/produit\/successives-haldane\/","name":"Plong\u00e9es successives et jeux de param\u00e8tres haldaniens - Plong\u00e9e Plaisir, site officiel","isPartOf":{"@id":"https:\/\/www.plongee-plaisir.com\/fr\/#website"},"primaryImageOfPage":{"@id":"https:\/\/www.plongee-plaisir.com\/fr\/produit\/successives-haldane\/#primaryimage"},"image":{"@id":"https:\/\/www.plongee-plaisir.com\/fr\/produit\/successives-haldane\/#primaryimage"},"thumbnailUrl":"https:\/\/www.plongee-plaisir.com\/fr\/wp-content\/uploads\/2024\/11\/vignette-successives-haldane.jpg","datePublished":"2024-11-24T11:48:44+00:00","dateModified":"2024-12-06T06:48:54+00:00","description":"Comprendre la n\u00e9cessit\u00e9 d'une proc\u00e9dure additionnelle pour g\u00e9rer les plong\u00e9es successives avec un jeu de param\u00e8tres haldaniens (ZH-L ou autre).","breadcrumb":{"@id":"https:\/\/www.plongee-plaisir.com\/fr\/produit\/successives-haldane\/#breadcrumb"},"inLanguage":"fr-FR","potentialAction":[{"@type":"ReadAction","target":["https:\/\/www.plongee-plaisir.com\/fr\/produit\/successives-haldane\/"]}]},{"@type":"ImageObject","inLanguage":"fr-FR","@id":"https:\/\/www.plongee-plaisir.com\/fr\/produit\/successives-haldane\/#primaryimage","url":"https:\/\/www.plongee-plaisir.com\/fr\/wp-content\/uploads\/2024\/11\/vignette-successives-haldane.jpg","contentUrl":"https:\/\/www.plongee-plaisir.com\/fr\/wp-content\/uploads\/2024\/11\/vignette-successives-haldane.jpg","width":400,"height":599},{"@type":"BreadcrumbList","@id":"https:\/\/www.plongee-plaisir.com\/fr\/produit\/successives-haldane\/#breadcrumb","itemListElement":[{"@type":"ListItem","position":1,"name":"Accueil","item":"https:\/\/www.plongee-plaisir.com\/fr\/"},{"@type":"ListItem","position":2,"name":"Plong\u00e9es successives et jeux de param\u00e8tres haldaniens"}]},{"@type":"WebSite","@id":"https:\/\/www.plongee-plaisir.com\/fr\/#website","url":"https:\/\/www.plongee-plaisir.com\/fr\/","name":"Plong\u00e9e Plaisir, site officiel","description":"Apprendre \u00e0 plonger - Learning to dive","potentialAction":[{"@type":"SearchAction","target":{"@type":"EntryPoint","urlTemplate":"https:\/\/www.plongee-plaisir.com\/fr\/?s={search_term_string}"},"query-input":{"@type":"PropertyValueSpecification","valueRequired":true,"valueName":"search_term_string"}}],"inLanguage":"fr-FR"}]}},"uagb_featured_image_src":{"full":["https:\/\/www.plongee-plaisir.com\/fr\/wp-content\/uploads\/2024\/11\/vignette-successives-haldane.jpg",400,599,false],"thumbnail":["https:\/\/www.plongee-plaisir.com\/fr\/wp-content\/uploads\/2024\/11\/vignette-successives-haldane-150x150.jpg",150,150,true],"medium":["https:\/\/www.plongee-plaisir.com\/fr\/wp-content\/uploads\/2024\/11\/vignette-successives-haldane-200x300.jpg",200,300,true],"medium_large":["https:\/\/www.plongee-plaisir.com\/fr\/wp-content\/uploads\/2024\/11\/vignette-successives-haldane.jpg",400,599,false],"large":["https:\/\/www.plongee-plaisir.com\/fr\/wp-content\/uploads\/2024\/11\/vignette-successives-haldane.jpg",400,599,false],"1536x1536":["https:\/\/www.plongee-plaisir.com\/fr\/wp-content\/uploads\/2024\/11\/vignette-successives-haldane.jpg",400,599,false],"2048x2048":["https:\/\/www.plongee-plaisir.com\/fr\/wp-content\/uploads\/2024\/11\/vignette-successives-haldane.jpg",400,599,false],"featured-content":["https:\/\/www.plongee-plaisir.com\/fr\/wp-content\/uploads\/2024\/11\/vignette-successives-haldane.jpg",400,599,false],"author-pro-image":["https:\/\/www.plongee-plaisir.com\/fr\/wp-content\/uploads\/2024\/11\/vignette-successives-haldane-360x570.jpg",360,570,true],"tb-timeline-landscape":["https:\/\/www.plongee-plaisir.com\/fr\/wp-content\/uploads\/2024\/11\/vignette-successives-haldane-400x400.jpg",400,400,true],"tb-timeline-square":["https:\/\/www.plongee-plaisir.com\/fr\/wp-content\/uploads\/2024\/11\/vignette-successives-haldane.jpg",400,599,false],"ultp_layout_landscape_large":["https:\/\/www.plongee-plaisir.com\/fr\/wp-content\/uploads\/2024\/11\/vignette-successives-haldane.jpg",400,599,false],"ultp_layout_landscape":["https:\/\/www.plongee-plaisir.com\/fr\/wp-content\/uploads\/2024\/11\/vignette-successives-haldane-400x570.jpg",400,570,true],"ultp_layout_portrait":["https:\/\/www.plongee-plaisir.com\/fr\/wp-content\/uploads\/2024\/11\/vignette-successives-haldane.jpg",400,599,false],"ultp_layout_square":["https:\/\/www.plongee-plaisir.com\/fr\/wp-content\/uploads\/2024\/11\/vignette-successives-haldane.jpg",400,599,false],"vp_sm":["https:\/\/www.plongee-plaisir.com\/fr\/wp-content\/uploads\/2024\/11\/vignette-successives-haldane.jpg",400,599,false],"vp_md":["https:\/\/www.plongee-plaisir.com\/fr\/wp-content\/uploads\/2024\/11\/vignette-successives-haldane.jpg",400,599,false],"vp_lg":["https:\/\/www.plongee-plaisir.com\/fr\/wp-content\/uploads\/2024\/11\/vignette-successives-haldane.jpg",400,599,false],"vp_xl":["https:\/\/www.plongee-plaisir.com\/fr\/wp-content\/uploads\/2024\/11\/vignette-successives-haldane.jpg",400,599,false],"vp_sm_popup":["https:\/\/www.plongee-plaisir.com\/fr\/wp-content\/uploads\/2024\/11\/vignette-successives-haldane.jpg",400,599,false],"vp_md_popup":["https:\/\/www.plongee-plaisir.com\/fr\/wp-content\/uploads\/2024\/11\/vignette-successives-haldane.jpg",400,599,false],"vp_xl_popup":["https:\/\/www.plongee-plaisir.com\/fr\/wp-content\/uploads\/2024\/11\/vignette-successives-haldane.jpg",400,599,false],"gb-block-post-grid-landscape":["https:\/\/www.plongee-plaisir.com\/fr\/wp-content\/uploads\/2024\/11\/vignette-successives-haldane-400x400.jpg",400,400,true],"gb-block-post-grid-square":["https:\/\/www.plongee-plaisir.com\/fr\/wp-content\/uploads\/2024\/11\/vignette-successives-haldane.jpg",400,599,false],"woocommerce_thumbnail":["https:\/\/www.plongee-plaisir.com\/fr\/wp-content\/uploads\/2024\/11\/vignette-successives-haldane-300x449.jpg",300,449,true],"woocommerce_single":["https:\/\/www.plongee-plaisir.com\/fr\/wp-content\/uploads\/2024\/11\/vignette-successives-haldane.jpg",400,599,false],"woocommerce_gallery_thumbnail":["https:\/\/www.plongee-plaisir.com\/fr\/wp-content\/uploads\/2024\/11\/vignette-successives-haldane-100x100.jpg",100,100,true],"sow-carousel-default":["https:\/\/www.plongee-plaisir.com\/fr\/wp-content\/uploads\/2024\/11\/vignette-successives-haldane-272x182.jpg",272,182,true]},"uagb_author_info":{"display_name":"Alain Foret","author_link":"https:\/\/www.plongee-plaisir.com\/fr\/author\/plongeeplaisir\/"},"uagb_comment_info":0,"uagb_excerpt":"VISIOCONF\u00c9RENCE EN REPLAY Les plong\u00e9es successives ne font pas partie de la mod\u00e9lisation de Haldane. En cons\u00e9quence, pour l'ensemble des jeux de param\u00e8tres haldaniens (US-Navy, B\u00fchlmann (ZH-L), Marine nationale...) la gestion des plong\u00e9es successives n\u00e9cessite la mise en place d'une proc\u00e9dure additionnelle, avec des tables comme avec des ordinateurs de plong\u00e9e. Haldane avait signal\u00e9, d\u00e8s\u2026","featured_img":"https:\/\/www.plongee-plaisir.com\/fr\/wp-content\/uploads\/2024\/11\/vignette-successives-haldane.jpg","coauthors":[],"author_meta":{"author_link":"https:\/\/www.plongee-plaisir.com\/fr\/author\/plongeeplaisir\/","display_name":"Alain Foret"},"relative_dates":{"created":"Publi\u00e9 1 an il y a","modified":"Mis \u00e0 jour 1 an il y a"},"absolute_dates":{"created":"Publi\u00e9 le 24 novembre 2024","modified":"Mise \u00e0 jour le 6 d\u00e9cembre 2024"},"absolute_dates_time":{"created":"Publi\u00e9 le 24 novembre 2024 12 h 48 min","modified":"Mise \u00e0 jour le 6 d\u00e9cembre 2024 7 h 48 min"},"featured_img_caption":"","tax_additional":{"product_brand":{"linked":[],"unlinked":[],"slug":"product_brand","name":"Marques"},"product_type":{"linked":["<a href=\"https:\/\/www.plongee-plaisir.com\/fr\/?taxonomy=product_type&#038;term=simple\" class=\"advgb-post-tax-term\">simple<\/a>"],"unlinked":["<span class=\"advgb-post-tax-term\">simple<\/span>"],"slug":"product_type","name":"Type de produit"},"product_visibility":{"linked":[],"unlinked":[],"slug":"product_visibility","name":"Visibilit\u00e9 du produit"},"product_cat":{"linked":["<a href=\"https:\/\/www.plongee-plaisir.com\/fr\/categorie-produit\/amphitheatre\/\" class=\"advgb-post-tax-term\">Amphith\u00e9\u00e2tre<\/a>","<a href=\"https:\/\/www.plongee-plaisir.com\/fr\/categorie-produit\/amphitheatre-conferences\/\" class=\"advgb-post-tax-term\">Amphith\u00e9\u00e2tre - Conf\u00e9rences<\/a>"],"unlinked":["<span class=\"advgb-post-tax-term\">Amphith\u00e9\u00e2tre<\/span>","<span class=\"advgb-post-tax-term\">Amphith\u00e9\u00e2tre - Conf\u00e9rences<\/span>"],"slug":"product_cat","name":"Cat\u00e9gories de produits"},"product_tag":{"linked":[],"unlinked":[],"slug":"product_tag","name":"\u00c9tiquettes produit"},"product_shipping_class":{"linked":[],"unlinked":[],"slug":"product_shipping_class","name":"Classe d\u2019exp\u00e9dition du produit"},"pos_product_visibility":{"linked":[],"unlinked":[],"slug":"pos_product_visibility","name":"Visibilit\u00e9 du produit sur le point de vente"}},"series_order":"","_links":{"self":[{"href":"https:\/\/www.plongee-plaisir.com\/fr\/wp-json\/wp\/v2\/product\/61533","targetHints":{"allow":["GET"]}}],"collection":[{"href":"https:\/\/www.plongee-plaisir.com\/fr\/wp-json\/wp\/v2\/product"}],"about":[{"href":"https:\/\/www.plongee-plaisir.com\/fr\/wp-json\/wp\/v2\/types\/product"}],"wp:featuredmedia":[{"embeddable":true,"href":"https:\/\/www.plongee-plaisir.com\/fr\/wp-json\/wp\/v2\/media\/61534"}],"wp:attachment":[{"href":"https:\/\/www.plongee-plaisir.com\/fr\/wp-json\/wp\/v2\/media?parent=61533"}],"wp:term":[{"taxonomy":"product_brand","embeddable":true,"href":"https:\/\/www.plongee-plaisir.com\/fr\/wp-json\/wp\/v2\/product_brand?post=61533"},{"taxonomy":"product_cat","embeddable":true,"href":"https:\/\/www.plongee-plaisir.com\/fr\/wp-json\/wp\/v2\/product_cat?post=61533"},{"taxonomy":"product_tag","embeddable":true,"href":"https:\/\/www.plongee-plaisir.com\/fr\/wp-json\/wp\/v2\/product_tag?post=61533"}],"curies":[{"name":"wp","href":"https:\/\/api.w.org\/{rel}","templated":true}]}}